{"id":20168,"date":"2025-10-29T09:32:22","date_gmt":"2025-10-29T08:32:22","guid":{"rendered":"https:\/\/odin3d.net\/?post_type=product&#038;p=20168"},"modified":"2025-12-03T23:48:37","modified_gmt":"2025-12-03T22:48:37","slug":"polka-kolekcjonerska-stranger-things-na-figurki-kinder-joy-druk-3d-kolorowe-logo","status":"publish","type":"product","link":"https:\/\/odin3d.net\/index.php\/produkt\/polka-kolekcjonerska-stranger-things-na-figurki-kinder-joy-druk-3d-kolorowe-logo\/","title":{"rendered":"P\u00f3\u0142ka kolekcjonerska STRANGER THINGS na figurki Kinder Joy Druk 3D Kolorowe Logo"},"content":{"rendered":"<div class=\"bot-name gds-title-s ng-tns-c2380864749-40 ng-star-inserted\"><\/div>\n<div class=\"response-content ng-tns-c2380864749-40\">\n<div id=\"model-response-message-contentr_d73c6a0c4e959678\" class=\"markdown markdown-main-panel stronger enable-updated-hr-color\" dir=\"ltr\">\n<p><b>Masz ju\u017c ca\u0142\u0105 kolekcj\u0119 24 figurek Funko Pop z serii Stranger Things x Kinder Joy? Gratulacje!<\/b><\/p>\n<p>Ale co teraz? Figurki walaj\u0105 si\u0119 po biurku, gubi\u0105 si\u0119 w &#8220;Drugiej Stronie&#8221; (albo po prostu za \u0142\u00f3\u017ckiem) i zbieraj\u0105 kurz?<\/p>\n<p>Mamy na to rozwi\u0105zanie! Przedstawiamy jedyny w swoim rodzaju, drukowany w 3D ekspozytor, kt\u00f3ry zamieni Tw\u00f3j zbi\u00f3r w dzie\u0142o sztuki godne najwi\u0119kszego fana z Hawkins!<\/p>\n<hr \/>\n<p>&nbsp;<\/p>\n<h4><b>Dlaczego Nasz Ekspozytor to Must-Have?<\/b><\/h4>\n<p>&nbsp;<\/p>\n<p>\u2705\u00a0<b>POMIE\u015aCI CA\u0141\u0104 KOLEKCJ\u0118<\/b>\u00a0Koniec z chowaniem figurek po szufladach! Nasza p\u00f3\u0142ka ma 24 idealnie dopasowane miejsca \u2013 po jednym dla ka\u017cdej postaci z serii. Wreszcie mo\u017cesz dumnie zaprezentowa\u0107\u00a0<i>kompletny<\/i>\u00a0zestaw.<\/p>\n<p>\u2705\u00a0<b>KULTOWY DESIGN Z SERIALU<\/b>\u00a0To nie jest zwyk\u0142a, nudna p\u00f3\u0142ka. Ekspozytor zwie\u0144czony jest ikonicznym, czerwonym logo &#8220;Stranger Things&#8221; i sylwetkami ekipy na rowerach. To ozdoba, kt\u00f3ra natychmiast przyci\u0105ga wzrok i odmienia pok\u00f3j.<\/p>\n<p>\u2705\u00a0<b>OCHRONA I PORZ\u0104DEK<\/b>\u00a0Zapewnij swoim figurkom bezpiecze\u0144stwo! P\u00f3\u0142ka chroni je przed przypadkowym str\u0105ceniem i pozwala utrzyma\u0107 idealny porz\u0105dek w kolekcji.<\/p>\n<p>\u2705\u00a0<b>WYTRZYMA\u0141Y I EKOLOGICZNY<\/b>\u00a0Wykonany w technologii druku 3D z wytrzyma\u0142ego i biodegradowalnego materia\u0142u PLA. Ekspozytor jest lekki, a jednocze\u015bnie bardzo solidny.<\/p>\n<hr \/>\n<p>&nbsp;<\/p>\n<h4><b>Co Otrzymasz w Zestawie?<\/b><\/h4>\n<ul>\n<li>1x P\u00f3\u0142ka \/ Ekspozytor na 24 figurki<\/li>\n<li>1x Tematyczny topper z logo &#8220;Stranger Things&#8221;<\/li>\n<\/ul>\n<p><i>(<b>Wa\u017cne:<\/b>\u00a0Zestaw nie zawiera figurek widocznych na zdj\u0119ciach \u2013 s\u0142u\u017c\u0105 one jedynie prezentacji mo\u017cliwo\u015bci produktu!)<\/i><\/p>\n<hr \/>\n<p>&nbsp;<\/p>\n<h4><b>\ud83c\udf81 IDEALNY POMYS\u0141 NA PREZENT!<\/b><\/h4>\n<p>Szukasz prezentu dla fana Stranger Things? W\u0142a\u015bnie znalaz\u0142e\u015b! To wymarzony upominek dla ka\u017cdego, kto cierpliwie polowa\u0142 na wszystkie 24 figurki Kinder Joy i teraz chce je godnie wyeksponowa\u0107.<\/p>\n<hr \/>\n<p>&nbsp;<\/p>\n<h4><b>Szczeg\u00f3\u0142y Techniczne:<\/b><\/h4>\n<p>&nbsp;<\/p>\n<ul>\n<li><b>Pojemno\u015b\u0107:<\/b>\u00a024 figurki z serii Kinder Joy Stranger Things<\/li>\n<li><b>Technologia:<\/b>\u00a0Druk 3D (FDM)<\/li>\n<li><b>Materia\u0142:<\/b>\u00a0Wysokiej jako\u015bci PLA (tworzywo pochodzenia ro\u015blinnego)<\/li>\n<li><b>Kolor:<\/b>\u00a0Domy\u015blnie wysy\u0142amy\u00a0<b>kolor czarny z czerwonym logo<\/b>\u00a0(jak na zdj\u0119ciach) \u2013 idealnie komponuje si\u0119 z tematyk\u0105 serialu i najlepiej eksponuje figurki.<\/li>\n<\/ul>\n<p><b>\u2b50 Potrzebujesz Innego Koloru?<\/b>\u00a0Nie ma problemu! Jeste\u015bmy producentem. Napisz do nas w &#8220;Wiadomo\u015bci do Sprzedaj\u0105cego&#8221;\u00a0<i>przed<\/i>\u00a0zakupem lub zaraz po nim, a ustalimy dost\u0119pno\u015b\u0107 innych barw i stworzymy co\u015b specjalnie dla Ciebie.<\/p>\n<p>Nie pozw\u00f3l, by Demogorgon porwa\u0142 Twoje figurki!\u00a0<b>Kliknij &#8220;Kup Teraz&#8221;<\/b>\u00a0i stw\u00f3rz dla swojej kolekcji Stranger Things miejsce, na kt\u00f3re zas\u0142uguje!<\/p>\n<\/div>\n<\/div>\n","protected":false},"excerpt":{"rendered":"<p>Masz ju\u017c ca\u0142\u0105 kolekcj\u0119 24 figurek Funko Pop z serii Stranger Things x Kinder Joy? Gratulacje! Ale co teraz? Figurki walaj\u0105 si\u0119 po biurku, gubi\u0105 si\u0119 w &#8220;Drugiej Stronie&#8221; (albo po prostu za \u0142\u00f3\u017ckiem) i zbieraj\u0105 kurz? Mamy na to rozwi\u0105zanie! Przedstawiamy jedyny w swoim rodzaju, drukowany w 3D ekspozytor, kt\u00f3ry zamieni Tw\u00f3j zbi\u00f3r w [&hellip;]<\/p>\n","protected":false},"featured_media":20173,"comment_status":"open","ping_status":"closed","template":"","meta":[],"product_brand":[109],"product_cat":[31],"product_tag":[445,449,444,447,450,443,451,448,442,446,452],"class_list":{"0":"post-20168","1":"product","2":"type-product","3":"status-publish","4":"has-post-thumbnail","6":"product_brand-odin3d","7":"product_cat-zabawki","8":"product_tag-3d-printed-display","9":"product_tag-collector-shelf","10":"product_tag-funko-mini-shelf","11":"product_tag-gift-for-fan","12":"product_tag-hawkins-collectibles","13":"product_tag-kinder-joy-display","14":"product_tag-mini-figure-holder-stranger-things-logo-sign","15":"product_tag-nerd-room-decor","16":"product_tag-stranger-things","17":"product_tag-stranger-things-merch","18":"product_tag-upside-down-decor","20":"first","21":"instock","22":"shipping-taxable","23":"purchasable","24":"product-type-simple"},"jetpack_sharing_enabled":true,"_links":{"self":[{"href":"https:\/\/odin3d.net\/index.php\/wp-json\/wp\/v2\/product\/20168","targetHints":{"allow":["GET"]}}],"collection":[{"href":"https:\/\/odin3d.net\/index.php\/wp-json\/wp\/v2\/product"}],"about":[{"href":"https:\/\/odin3d.net\/index.php\/wp-json\/wp\/v2\/types\/product"}],"replies":[{"embeddable":true,"href":"https:\/\/odin3d.net\/index.php\/wp-json\/wp\/v2\/comments?post=20168"}],"wp:featuredmedia":[{"embeddable":true,"href":"https:\/\/odin3d.net\/index.php\/wp-json\/wp\/v2\/media\/20173"}],"wp:attachment":[{"href":"https:\/\/odin3d.net\/index.php\/wp-json\/wp\/v2\/media?parent=20168"}],"wp:term":[{"taxonomy":"product_brand","embeddable":true,"href":"https:\/\/odin3d.net\/index.php\/wp-json\/wp\/v2\/product_brand?post=20168"},{"taxonomy":"product_cat","embeddable":true,"href":"https:\/\/odin3d.net\/index.php\/wp-json\/wp\/v2\/product_cat?post=20168"},{"taxonomy":"product_tag","embeddable":true,"href":"https:\/\/odin3d.net\/index.php\/wp-json\/wp\/v2\/product_tag?post=20168"}],"curies":[{"name":"wp","href":"https:\/\/api.w.org\/{rel}","templated":true}]}}