{"id":20142,"date":"2025-10-26T19:52:15","date_gmt":"2025-10-26T18:52:15","guid":{"rendered":"https:\/\/odin3d.net\/?post_type=product&#038;p=20142"},"modified":"2025-12-04T00:19:20","modified_gmt":"2025-12-03T23:19:20","slug":"polka-kolekcjonerska-z-logiem-harry-potter-na-25-figurek-funko-pop-mini-z-kinder-joy","status":"publish","type":"product","link":"https:\/\/odin3d.net\/index.php\/produkt\/polka-kolekcjonerska-z-logiem-harry-potter-na-25-figurek-funko-pop-mini-z-kinder-joy\/","title":{"rendered":"\ud83e\uddd9\u200d\u2642\ufe0f P\u00f3\u0142ka kolekcjonerska z logiem Harry Potter na 25 figurek Funko Pop Mini z Kinder Joy"},"content":{"rendered":"<p data-start=\"315\" data-end=\"402\">\ud83d\udd2e <strong data-start=\"318\" data-end=\"402\">Kolekcjonujesz figurki z Kinder Joy? Ta p\u00f3\u0142ka zosta\u0142a stworzona z my\u015bl\u0105 o Tobie!<\/strong><\/p>\n<p data-start=\"404\" data-end=\"713\">Elegancka, p\u00f3\u0142ka kolekcjonerska z logiem <strong data-start=\"468\" data-end=\"489\">Harry&#8217;ego Pottera<\/strong> to idealne miejsce na Twoje <strong data-start=\"518\" data-end=\"557\">mini figurki Funko Pop z Kinder Joy<\/strong>. Pomie\u015bci a\u017c <strong data-start=\"571\" data-end=\"585\">25 figurek<\/strong>.<\/p>\n<hr data-start=\"715\" data-end=\"718\" \/>\n<h3 data-start=\"720\" data-end=\"741\">\u2728 Cechy produktu:<\/h3>\n<ul data-start=\"742\" data-end=\"1225\">\n<li data-start=\"742\" data-end=\"795\">\n<p data-start=\"744\" data-end=\"795\">\ud83e\udeb5 <strong data-start=\"747\" data-end=\"760\">Materia\u0142:<\/strong> wysokiej jako\u015bci PLA<\/p>\n<\/li>\n<li data-start=\"796\" data-end=\"842\">\n<p data-start=\"798\" data-end=\"842\">\u26a1 <strong data-start=\"800\" data-end=\"810\">Motyw:<\/strong> z\u0142ote logo <em data-start=\"828\" data-end=\"842\">Harry Potter<\/em><\/p>\n<\/li>\n<li data-start=\"843\" data-end=\"917\">\n<p data-start=\"845\" data-end=\"917\">\ud83c\udf81 <strong data-start=\"848\" data-end=\"862\">Pojemno\u015b\u0107:<\/strong> do 25 mini figurek (idealna na Funko Pop z Kinder Joy)<\/p>\n<\/li>\n<li data-start=\"991\" data-end=\"1056\">\n<p data-start=\"993\" data-end=\"1056\">\ud83d\udd90\ufe0f <strong data-start=\"997\" data-end=\"1011\">Wykonanie:<\/strong> Drukarka 3D \u2013 produkt polski<\/p>\n<\/li>\n<li data-start=\"1057\" data-end=\"1139\">\n<p data-start=\"1059\" data-end=\"1139\">\ud83d\udcd0 <strong data-start=\"1062\" data-end=\"1080\">Wymiary p\u00f3\u0142ki:<\/strong> 23 cm x 18 cm x 4 cm<\/p>\n<\/li>\n<li data-start=\"1140\" data-end=\"1225\">\n<p data-start=\"1142\" data-end=\"1225\">\ud83d\udee0\ufe0f <strong data-start=\"1146\" data-end=\"1157\">Monta\u017c:<\/strong> gotowa do postawienia lub powieszenia<\/p>\n<\/li>\n<\/ul>\n<hr data-start=\"1227\" data-end=\"1230\" \/>\n<h3 data-start=\"1232\" data-end=\"1254\">\ud83e\udde9 Dlaczego warto?<\/h3>\n<ul data-start=\"1255\" data-end=\"1488\">\n<li data-start=\"1255\" data-end=\"1305\">\n<p data-start=\"1257\" data-end=\"1305\">Chroni Twoje figurki przed kurzem i uszkodzeniem<\/p>\n<\/li>\n<li data-start=\"1306\" data-end=\"1372\">\n<p data-start=\"1308\" data-end=\"1372\">\u015awietnie prezentuje si\u0119 na biurku, p\u00f3\u0142ce lub w dzieci\u0119cym pokoju<\/p>\n<\/li>\n<li data-start=\"1373\" data-end=\"1432\">\n<p data-start=\"1375\" data-end=\"1432\">Idealna na prezent dla fana Harry&#8217;ego Pottera i Funko Pop<\/p>\n<\/li>\n<li data-start=\"1433\" data-end=\"1488\">\n<p data-start=\"1435\" data-end=\"1488\">Unikalny design, kt\u00f3ry \u0142\u0105czy pasj\u0119 z funkcjonalno\u015bci\u0105<\/p>\n<\/li>\n<\/ul>\n<hr data-start=\"1490\" data-end=\"1493\" \/>\n<h3 data-start=\"1495\" data-end=\"1520\">\ud83d\udce6 Zawarto\u015b\u0107 zestawu:<\/h3>\n<ul data-start=\"1521\" data-end=\"1597\">\n<li data-start=\"1521\" data-end=\"1560\">\n<p data-start=\"1523\" data-end=\"1560\">1x p\u00f3\u0142ka kolekcjonerska z logiem HP<\/p>\n<\/li>\n<\/ul>\n","protected":false},"excerpt":{"rendered":"<p data-start=\"315\" data-end=\"402\">\ud83d\udd2e <strong data-start=\"318\" data-end=\"402\">Kolekcjonujesz figurki z Kinder Joy? Ta p\u00f3\u0142ka zosta\u0142a stworzona z my\u015bl\u0105 o Tobie!<\/strong><\/p>\n<p data-start=\"404\" data-end=\"713\">Elegancka, p\u00f3\u0142ka kolekcjonerska z logiem <strong data-start=\"468\" data-end=\"489\">Harry&#8217;ego Pottera<\/strong> to idealne miejsce na Twoje <strong data-start=\"518\" data-end=\"557\">mini figurki Funko Pop z Kinder Joy<\/strong>. Pomie\u015bci a\u017c <strong data-start=\"571\" data-end=\"585\">25 figurek<\/strong>.<\/p>\n","protected":false},"featured_media":20148,"comment_status":"open","ping_status":"closed","template":"","meta":[],"product_brand":[109],"product_cat":[31],"product_tag":[435,440,438,437,441,436,439],"class_list":{"0":"post-20142","1":"product","2":"type-product","3":"status-publish","4":"has-post-thumbnail","6":"product_brand-odin3d","7":"product_cat-zabawki","8":"product_tag-funko","9":"product_tag-funko-pop","10":"product_tag-harry-potter-display-case","11":"product_tag-kinder-joy","12":"product_tag-mini-funko-pop","13":"product_tag-pop","14":"product_tag-shelf-figures","16":"first","17":"instock","18":"shipping-taxable","19":"purchasable","20":"product-type-simple"},"jetpack_sharing_enabled":true,"_links":{"self":[{"href":"https:\/\/odin3d.net\/index.php\/wp-json\/wp\/v2\/product\/20142","targetHints":{"allow":["GET"]}}],"collection":[{"href":"https:\/\/odin3d.net\/index.php\/wp-json\/wp\/v2\/product"}],"about":[{"href":"https:\/\/odin3d.net\/index.php\/wp-json\/wp\/v2\/types\/product"}],"replies":[{"embeddable":true,"href":"https:\/\/odin3d.net\/index.php\/wp-json\/wp\/v2\/comments?post=20142"}],"wp:featuredmedia":[{"embeddable":true,"href":"https:\/\/odin3d.net\/index.php\/wp-json\/wp\/v2\/media\/20148"}],"wp:attachment":[{"href":"https:\/\/odin3d.net\/index.php\/wp-json\/wp\/v2\/media?parent=20142"}],"wp:term":[{"taxonomy":"product_brand","embeddable":true,"href":"https:\/\/odin3d.net\/index.php\/wp-json\/wp\/v2\/product_brand?post=20142"},{"taxonomy":"product_cat","embeddable":true,"href":"https:\/\/odin3d.net\/index.php\/wp-json\/wp\/v2\/product_cat?post=20142"},{"taxonomy":"product_tag","embeddable":true,"href":"https:\/\/odin3d.net\/index.php\/wp-json\/wp\/v2\/product_tag?post=20142"}],"curies":[{"name":"wp","href":"https:\/\/api.w.org\/{rel}","templated":true}]}}