{"id":20109,"date":"2025-08-08T21:20:52","date_gmt":"2025-08-08T19:20:52","guid":{"rendered":"https:\/\/odin3d.net\/?post_type=product&#038;p=20109"},"modified":"2025-08-08T21:52:49","modified_gmt":"2025-08-08T19:52:49","slug":"plansze-gracza-premium-do-terraformacja-marsa-w-5-kolorach","status":"publish","type":"product","link":"https:\/\/odin3d.net\/index.php\/produkt\/plansze-gracza-premium-do-terraformacja-marsa-w-5-kolorach\/","title":{"rendered":"Plansze Gracza Premium do Terraformacja Marsa \u2013 w 5 Kolorach"},"content":{"rendered":"<p>Ulepsz swoj\u0105 rozgrywk\u0119 w Terraformacj\u0119 Marsa dzi\u0119ki planszom gracza drukowanym w 3D, kt\u00f3re zapewniaj\u0105 porz\u0105dek i wci\u0105gaj\u0105c\u0105 rozgrywk\u0119 na najwy\u017cszym poziomie!<\/p>\n<p>\ud83d\udee0\ufe0fMateria\u0142: Wysokiej jako\u015bci PLA (biodegradowalne tworzywo)<br \/>\n\ud83d\udda8\ufe0fTechnologia: Precyzyjny druk 3D<\/p>\n<p>\ud83c\udfa85 kolor\u00f3w graczy: niebieski, \u017c\u00f3\u0142ty, czarny, czerwony, zielony<\/p>\n<p>Kolor bazowy: srebrny<\/p>\n<p>\ud83d\udccf Ka\u017cda plansza zosta\u0142a zaprojektowana tak, by bezpiecznie utrzymywa\u0107 wszystkie znaczniki: produkcji, surowc\u00f3w i inne elementy gry.<\/p>\n<p>\ud83e\udde9Zalety:<\/p>\n<p>Koniec z rozsypanymi znacznikami gracza, posiadaj\u0105 dedkowane miejsce po prawej stronie planszy<\/p>\n<p>Chroni przed przypadkowymi przesuni\u0119ciami<\/p>\n<p>Przyspiesza przygotowanie i sam\u0105 gr\u0119<\/p>\n<p>Nadaje sto\u0142owi wyj\u0105tkowy, nowoczesny wygl\u0105d<\/p>\n<p>\ud83d\udce6Elementy gry (znaczniki, karty itp.) nie s\u0105 cz\u0119\u015bci\u0105 zestawu<\/p>\n<p>\ud83c\udf81Idealne jako:<\/p>\n<p>Dodatek na wieczory z grami<\/p>\n<p>Prezent dla fana plansz\u00f3wek<\/p>\n<p>Akcesoria dla kolekcjoner\u00f3w Terraformacji Marsa<\/p>\n<p>\ud83d\udcacChcesz inne kolory lub personalizacj\u0119? Napisz do nas \u2013 realizujemy zam\u00f3wienia indywidualne! Mo\u017cliwo\u015b\u0107 dodania nazwy gracza<\/p>\n","protected":false},"excerpt":{"rendered":"<p>Ulepsz swoj\u0105 rozgrywk\u0119 w Terraformacj\u0119 Marsa dzi\u0119ki planszom gracza drukowanym w 3D, kt\u00f3re zapewniaj\u0105 porz\u0105dek i wci\u0105gaj\u0105c\u0105 rozgrywk\u0119 na najwy\u017cszym poziomie!<\/p>\n","protected":false},"featured_media":20119,"comment_status":"open","ping_status":"closed","template":"","meta":[],"product_brand":[109],"product_cat":[29],"product_tag":[418,417,413,412,416,414,411,415,420,396,85,419,421],"class_list":{"0":"post-20109","1":"product","2":"type-product","3":"status-publish","4":"has-post-thumbnail","6":"product_brand-odin3d","7":"product_cat-organizery-planszowki","8":"product_tag-akcesoria-do-gry","9":"product_tag-dodatki-do-tm","10":"product_tag-druk-3d-do-gry","11":"product_tag-insert-do-planszowki","12":"product_tag-maty-gracza-pla","13":"product_tag-organizer-do-tm","14":"product_tag-plansze-gracza-tm","15":"product_tag-planszowka-sci-fi","16":"product_tag-planszowki-3d","17":"product_tag-prezent-dla-gracza","18":"product_tag-terraformacja-marsa","19":"product_tag-token-organizer","20":"product_tag-ulepszenie-gry-tm","22":"first","23":"instock","24":"shipping-taxable","25":"purchasable","26":"product-type-variable"},"jetpack_sharing_enabled":true,"_links":{"self":[{"href":"https:\/\/odin3d.net\/index.php\/wp-json\/wp\/v2\/product\/20109","targetHints":{"allow":["GET"]}}],"collection":[{"href":"https:\/\/odin3d.net\/index.php\/wp-json\/wp\/v2\/product"}],"about":[{"href":"https:\/\/odin3d.net\/index.php\/wp-json\/wp\/v2\/types\/product"}],"replies":[{"embeddable":true,"href":"https:\/\/odin3d.net\/index.php\/wp-json\/wp\/v2\/comments?post=20109"}],"wp:featuredmedia":[{"embeddable":true,"href":"https:\/\/odin3d.net\/index.php\/wp-json\/wp\/v2\/media\/20119"}],"wp:attachment":[{"href":"https:\/\/odin3d.net\/index.php\/wp-json\/wp\/v2\/media?parent=20109"}],"wp:term":[{"taxonomy":"product_brand","embeddable":true,"href":"https:\/\/odin3d.net\/index.php\/wp-json\/wp\/v2\/product_brand?post=20109"},{"taxonomy":"product_cat","embeddable":true,"href":"https:\/\/odin3d.net\/index.php\/wp-json\/wp\/v2\/product_cat?post=20109"},{"taxonomy":"product_tag","embeddable":true,"href":"https:\/\/odin3d.net\/index.php\/wp-json\/wp\/v2\/product_tag?post=20109"}],"curies":[{"name":"wp","href":"https:\/\/api.w.org\/{rel}","templated":true}]}}