{"id":19701,"date":"2025-07-14T10:43:40","date_gmt":"2025-07-14T08:43:40","guid":{"rendered":"https:\/\/odin3d.net\/?post_type=product&#038;p=19701"},"modified":"2025-09-06T08:57:48","modified_gmt":"2025-09-06T06:57:48","slug":"kolekcjonerska-modulowa-polka-funko-pop-organizer-na-figurki","status":"publish","type":"product","link":"https:\/\/odin3d.net\/index.php\/produkt\/kolekcjonerska-modulowa-polka-funko-pop-organizer-na-figurki\/","title":{"rendered":"Kolekcjonerska Modu\u0142owa P\u00f3\u0142ka Funko Pop &#8211; Organizer na figurki"},"content":{"rendered":"<p data-start=\"247\" data-end=\"468\">Wyeksponuj swoj\u0105 kolekcj\u0119 Funko Pop w wyj\u0105tkowy spos\u00f3b dzi\u0119ki naszym <strong data-start=\"316\" data-end=\"349\">sze\u015bciok\u0105tnym p\u00f3\u0142kom \u015bciennym<\/strong>!<br data-start=\"350\" data-end=\"353\" \/>Dzi\u0119ki <strong data-start=\"360\" data-end=\"385\">modu\u0142owej konstrukcji<\/strong>, p\u00f3\u0142ki mo\u017cna dowolnie \u0142\u0105czy\u0107, tworz\u0105c w\u0142asn\u0105, niepowtarzaln\u0105 aran\u017cacj\u0119 na \u015bcianie.<\/p>\n<h3 data-start=\"475\" data-end=\"501\"><strong data-start=\"482\" data-end=\"501\">Cechy produktu:<\/strong><\/h3>\n<ul data-start=\"502\" data-end=\"856\">\n<li data-start=\"502\" data-end=\"589\">\n<p data-start=\"504\" data-end=\"589\">\ud83d\udd17 <strong data-start=\"507\" data-end=\"527\">System modu\u0142owy:<\/strong> P\u00f3\u0142ki \u0142\u0105cz\u0105 si\u0119 ze sob\u0105 \u2013 \u0142atwo rozbudujesz swoj\u0105 ekspozycj\u0119.<\/p>\n<\/li>\n<li data-start=\"590\" data-end=\"668\">\n<p data-start=\"592\" data-end=\"668\">\ud83d\udee0\ufe0f <strong data-start=\"596\" data-end=\"615\">Monta\u017c \u015bcienny:<\/strong> Gotowe otwory monta\u017cowe \u2013 szybka i \u0142atwa instalacja.<\/p>\n<\/li>\n<li data-start=\"669\" data-end=\"722\">\n<p data-start=\"671\" data-end=\"722\">\ud83d\udd29 <strong data-start=\"674\" data-end=\"689\">W zestawie:<\/strong> \u015aruba monta\u017cowa do ka\u017cdej p\u00f3\u0142ki.<\/p>\n<\/li>\n<li data-start=\"723\" data-end=\"800\">\n<p data-start=\"725\" data-end=\"800\">\ud83c\udf31 <strong data-start=\"728\" data-end=\"753\">Ekologiczny materia\u0142:<\/strong> PLA \u2013 biodegradowalny plastik, trwa\u0142y i lekki.<\/p>\n<\/li>\n<li data-start=\"801\" data-end=\"853\">\n<p data-start=\"803\" data-end=\"853\">\ud83d\udda8\ufe0f <strong data-start=\"807\" data-end=\"819\">Druk 3D:<\/strong> Starannie wykonane na zam\u00f3wienie.<\/p>\n<\/li>\n<\/ul>\n<p>&nbsp;<\/p>\n<h3 data-start=\"1208\" data-end=\"1229\"><strong data-start=\"1215\" data-end=\"1227\">Wymiary:<\/strong><\/h3>\n<ul>\n<li><strong data-start=\"807\" data-end=\"819\">Wysoko\u015b\u0107 :<\/strong> 15cm<\/li>\n<li><strong>Szeroko\u015b\u0107 :<\/strong> 17,5cm<\/li>\n<li><strong>G\u0142\u0119boko\u015b\u0107 ramki :<\/strong> 1,5cm<\/li>\n<li><strong>G\u0142\u0119boko\u015b\u0107 p\u00f3\u0142ki :<\/strong> 7,5cm<\/li>\n<\/ul>\n<p>&nbsp;<\/p>\n<h3 data-start=\"1329\" data-end=\"1353\"><strong data-start=\"1336\" data-end=\"1353\">Zastosowanie:<\/strong><\/h3>\n<ul data-start=\"1354\" data-end=\"1449\">\n<li data-start=\"1354\" data-end=\"1373\">\n<p data-start=\"1356\" data-end=\"1373\">Figurki Funko Pop<\/p>\n<\/li>\n<li data-start=\"1374\" data-end=\"1397\">\n<p data-start=\"1376\" data-end=\"1397\">Kolekcje mini figurek<\/p>\n<\/li>\n<li data-start=\"1398\" data-end=\"1412\">\n<p data-start=\"1400\" data-end=\"1412\">Ma\u0142e ro\u015bliny<\/p>\n<\/li>\n<li data-start=\"1413\" data-end=\"1449\">\n<p data-start=\"1415\" data-end=\"1449\">Gad\u017cety i pami\u0105tki kolekcjonerskie<\/p>\n<\/li>\n<\/ul>\n<p>&nbsp;<\/p>\n<h3 data-start=\"1456\" data-end=\"1482\"><strong data-start=\"1463\" data-end=\"1482\">Zestaw zawiera:<\/strong><\/h3>\n<ul data-start=\"1483\" data-end=\"1553\">\n<li data-start=\"1483\" data-end=\"1532\">\n<p data-start=\"1485\" data-end=\"1532\">1x p\u00f3\u0142ka sze\u015bciok\u0105tna (mo\u017cliwo\u015b\u0107 wyboru ilo\u015bci)<\/p>\n<\/li>\n<li data-start=\"1533\" data-end=\"1553\">\n<p data-start=\"1535\" data-end=\"1553\">1x \u015bruba monta\u017cowa<\/p>\n<\/li>\n<\/ul>\n<p>&nbsp;<\/p>\n<p data-start=\"1560\" data-end=\"1750\"><strong data-start=\"1560\" data-end=\"1654\">Stw\u00f3rz w\u0142asn\u0105 dekoracj\u0119 \u015bcienn\u0105 \u2013 wybierz kolory i uk\u0142ad, kt\u00f3ry najbardziej Ci si\u0119 podoba!<\/strong><br data-start=\"1654\" data-end=\"1657\" \/>Masz pytania lub potrzebujesz innego rozmiaru? Napisz \u2013 ch\u0119tnie wykonam wersj\u0119 na zam\u00f3wienie!<\/p>\n<p data-start=\"1752\" data-end=\"1809\"><strong data-start=\"1754\" data-end=\"1809\">Dzi\u0119kuj\u0119 za wspieranie r\u0119kodzie\u0142a i ma\u0142ych tw\u00f3rc\u00f3w!<\/strong><\/p>\n","protected":false},"excerpt":{"rendered":"<p data-start=\"247\" data-end=\"468\">Stylowa, sze\u015bciok\u0105tna p\u00f3\u0142ka na Funko Pop i inne figurki kolekcjonerskie. Wykonana z PLA w technologii druku 3D. Monta\u017c \u015bcienny, system modu\u0142owy, a\u017c 15 kolor\u00f3w do wyboru! \u015aruba monta\u017cowa w zestawie.<\/p>\n","protected":false},"featured_media":19702,"comment_status":"open","ping_status":"closed","template":"","meta":[],"product_brand":[109],"product_cat":[31],"product_tag":[152,148,149,150,144,154,147,146,141,145,143,142,153,151],"class_list":{"0":"post-19701","1":"product","2":"type-product","3":"status-publish","4":"has-post-thumbnail","6":"product_brand-odin3d","7":"product_cat-zabawki","8":"product_tag-dekoracja-geek","9":"product_tag-kolekcjonerska-polka-scienna","10":"product_tag-organizer-na-figurki","11":"product_tag-polka-do-pokoju-gracza","12":"product_tag-polka-druk-3d","13":"product_tag-polka-figurki-kolekcjonerskie","14":"product_tag-polka-geek-room","15":"product_tag-polka-modulowa","16":"product_tag-polka-na-funko-pop","17":"product_tag-polka-pla","18":"product_tag-polka-scienna-na-figurki","19":"product_tag-polka-szesciokatna","20":"product_tag-polki-na-sciane-3d","21":"product_tag-prezent-dla-kolekcjonera","23":"first","24":"instock","25":"shipping-taxable","26":"purchasable","27":"product-type-variable"},"jetpack_sharing_enabled":true,"_links":{"self":[{"href":"https:\/\/odin3d.net\/index.php\/wp-json\/wp\/v2\/product\/19701","targetHints":{"allow":["GET"]}}],"collection":[{"href":"https:\/\/odin3d.net\/index.php\/wp-json\/wp\/v2\/product"}],"about":[{"href":"https:\/\/odin3d.net\/index.php\/wp-json\/wp\/v2\/types\/product"}],"replies":[{"embeddable":true,"href":"https:\/\/odin3d.net\/index.php\/wp-json\/wp\/v2\/comments?post=19701"}],"wp:featuredmedia":[{"embeddable":true,"href":"https:\/\/odin3d.net\/index.php\/wp-json\/wp\/v2\/media\/19702"}],"wp:attachment":[{"href":"https:\/\/odin3d.net\/index.php\/wp-json\/wp\/v2\/media?parent=19701"}],"wp:term":[{"taxonomy":"product_brand","embeddable":true,"href":"https:\/\/odin3d.net\/index.php\/wp-json\/wp\/v2\/product_brand?post=19701"},{"taxonomy":"product_cat","embeddable":true,"href":"https:\/\/odin3d.net\/index.php\/wp-json\/wp\/v2\/product_cat?post=19701"},{"taxonomy":"product_tag","embeddable":true,"href":"https:\/\/odin3d.net\/index.php\/wp-json\/wp\/v2\/product_tag?post=19701"}],"curies":[{"name":"wp","href":"https:\/\/api.w.org\/{rel}","templated":true}]}}