{"id":19689,"date":"2025-07-12T12:29:24","date_gmt":"2025-07-12T10:29:24","guid":{"rendered":"https:\/\/odin3d.net\/?post_type=product&#038;p=19689"},"modified":"2025-07-20T12:34:44","modified_gmt":"2025-07-20T10:34:44","slug":"organizer-do-gry-terraformacja-marsa-zestaw-deluxe-3d","status":"publish","type":"product","link":"https:\/\/odin3d.net\/index.php\/produkt\/organizer-do-gry-terraformacja-marsa-zestaw-deluxe-3d\/","title":{"rendered":"Organizer do gry Terraformacja Marsa \u2013 Zestaw Deluxe 3D"},"content":{"rendered":"<p data-start=\"304\" data-end=\"516\">Zanurz si\u0119 jeszcze g\u0142\u0119biej w \u015bwiat <em data-start=\"339\" data-end=\"360\">Terraformacji Marsa<\/em> dzi\u0119ki kompletnemu zestawowi organizer\u00f3w 3D! Ten zestaw zaprojektowany zosta\u0142 z my\u015bl\u0105 o graczach, kt\u00f3rzy ceni\u0105 sobie porz\u0105dek, wygod\u0119 i estetyk\u0119 rozgrywki.<\/p>\n<hr data-start=\"518\" data-end=\"521\" \/>\n<h4 data-start=\"523\" data-end=\"550\"><strong data-start=\"528\" data-end=\"550\">Zawarto\u015b\u0107 zestawu:<\/strong><\/h4>\n<p data-start=\"552\" data-end=\"1360\">\u2705 <strong data-start=\"554\" data-end=\"586\">5 ramek na planszetki gracza<\/strong> \u2013 ka\u017cda w innym kolorze (czerwony, niebieski, zielony, \u017c\u00f3\u0142ty, czarny). Ramki zapobiegaj\u0105 przesuwaniu si\u0119 znacznik\u00f3w i u\u0142atwiaj\u0105 kontrol\u0119 zasob\u00f3w.<br data-start=\"732\" data-end=\"735\" \/>\u2705 <strong data-start=\"737\" data-end=\"774\">5 organizer\u00f3w na znaczniki gracza<\/strong> \u2013 kolorystycznie dopasowane do ramek, idealne do przechowywania znacznik\u00f3w produkcji i punkt\u00f3w.<br data-start=\"870\" data-end=\"873\" \/>\u2705 <strong data-start=\"875\" data-end=\"913\">2 z\u0142ote holdery na karty projekt\u00f3w<\/strong> \u2013 mieszcz\u0105 karty w koszulkach, u\u0142atwiaj\u0105 dobieranie i odk\u0142adanie kart. Przy wi\u0119kszej liczbie zakoszulkowanych kart zalecamy dokupienie dodatkowego holdera.<br data-start=\"1069\" data-end=\"1072\" \/>\u2705 <strong data-start=\"1074\" data-end=\"1109\">1 z\u0142oty holder na p\u0142ytki heks\u00f3w<\/strong> \u2013 trzyma p\u0142ytki terenu w jednym miejscu, gotowe do u\u017cycia w trakcie gry.<br data-start=\"1182\" data-end=\"1185\" \/>\u2705 <strong data-start=\"1187\" data-end=\"1219\">3 z\u0142ote organizery na zasoby<\/strong> \u2013 oddzielne pojemniki na stal, tytan, ro\u015blinno\u015b\u0107, energi\u0119 i ciep\u0142o. Dzi\u0119ki nim utrzymasz porz\u0105dek na stole nawet przy intensywnej rozgrywce.<\/p>\n<hr data-start=\"1362\" data-end=\"1365\" \/>\n<h4 data-start=\"1367\" data-end=\"1391\"><strong data-start=\"1372\" data-end=\"1391\">Cechy produktu:<\/strong><\/h4>\n<ul data-start=\"1393\" data-end=\"1677\">\n<li data-start=\"1393\" data-end=\"1451\">\n<p data-start=\"1395\" data-end=\"1451\">Wykonane z trwa\u0142ego tworzywa 3D \u2013 wytrzyma\u0142e i lekkie.<\/p>\n<\/li>\n<li data-start=\"1452\" data-end=\"1541\">\n<p data-start=\"1454\" data-end=\"1541\">Kompatybilne z gr\u0105 podstawow\u0105 <em data-start=\"1484\" data-end=\"1505\">Terraformacja Marsa<\/em> (r\u00f3wnie\u017c z kartami w koszulkach).<\/p>\n<\/li>\n<li data-start=\"1542\" data-end=\"1598\">\n<p data-start=\"1544\" data-end=\"1598\">Z\u0142ote elementy dodaj\u0105 elegancji i wyj\u0105tkowego stylu.<\/p>\n<\/li>\n<li data-start=\"1599\" data-end=\"1677\">\n<p data-start=\"1601\" data-end=\"1677\">Kolorystyczna organizacja u\u0142atwia rozgrywk\u0119 i skraca czas przygotowania gry.<\/p>\n<\/li>\n<\/ul>\n<hr data-start=\"1679\" data-end=\"1682\" \/>\n<h3 data-start=\"1684\" data-end=\"1707\"><strong data-start=\"1688\" data-end=\"1707\">Dlaczego warto?<\/strong><\/h3>\n<p data-start=\"1709\" data-end=\"1949\">Ten organizer to nie tylko estetyczny dodatek \u2013 to realna poprawa komfortu gry. Uporz\u0105dkowana plansza, szybki setup, wygodny dost\u0119p do komponent\u00f3w i pe\u0142na kontrola nad swoimi zasobami. Doskona\u0142y prezent dla ka\u017cdego fana Terraformacji Marsa!<\/p>\n<hr data-start=\"1951\" data-end=\"1954\" \/>\n<h4 data-start=\"1956\" data-end=\"1971\"><strong data-start=\"1961\" data-end=\"1971\">Uwaga:<\/strong><\/h4>\n<p data-start=\"1972\" data-end=\"2152\">Karty w grubych koszulkach mog\u0105 zaj\u0105\u0107 wi\u0119cej miejsca \u2013 w takim przypadku zalecamy dokupienie <strong data-start=\"2065\" data-end=\"2105\">dodatkowego z\u0142otego holdera na karty<\/strong>, kt\u00f3ry mo\u017cna r\u00f3wnie\u017c znale\u017a\u0107 w naszej ofercie.<\/p>\n","protected":false},"excerpt":{"rendered":"<p>Zanurz si\u0119 jeszcze g\u0142\u0119biej w \u015bwiat <em data-start=\"339\" data-end=\"360\">Terraformacji Marsa<\/em> dzi\u0119ki kompletnemu zestawowi organizer\u00f3w 3D! Ten zestaw zaprojektowany zosta\u0142 z my\u015bl\u0105 o graczach, kt\u00f3rzy ceni\u0105 sobie porz\u0105dek, wygod\u0119 i estetyk\u0119 rozgrywki.<\/p>\n","protected":false},"featured_media":19462,"comment_status":"open","ping_status":"closed","template":"","meta":[],"product_brand":[109],"product_cat":[89,29],"product_tag":[113,115,112,118,111,116,110,114,121,117,122,120,119],"class_list":{"0":"post-19689","1":"product","2":"type-product","3":"status-publish","4":"has-post-thumbnail","6":"product_brand-odin3d","7":"product_cat-organizery","8":"product_cat-organizery-planszowki","9":"product_tag-akcesoria-do-terraformacji-marsa","10":"product_tag-holder-na-karty-terraformacja-marsa","11":"product_tag-insert-terraformacja-mars","12":"product_tag-organizer-3d-do-planszowek","13":"product_tag-organizer-do-terraformacji-marsa","14":"product_tag-organizer-na-zasoby-terraformacja-marsa","15":"product_tag-organizery-terraformacja-marsa","16":"product_tag-planszetka-gracza-terraformacja-marsa","17":"product_tag-planszowka-terraformacja-marsa-insert","18":"product_tag-terraformacja-marsa-dodatki","19":"product_tag-terraformacja-marsa-gra-akcesoria","20":"product_tag-terraformacja-marsa-holder-heksow","21":"product_tag-terraformacja-marsa-organizer-3d","23":"first","24":"instock","25":"shipping-taxable","26":"purchasable","27":"product-type-simple"},"jetpack_sharing_enabled":true,"_links":{"self":[{"href":"https:\/\/odin3d.net\/index.php\/wp-json\/wp\/v2\/product\/19689","targetHints":{"allow":["GET"]}}],"collection":[{"href":"https:\/\/odin3d.net\/index.php\/wp-json\/wp\/v2\/product"}],"about":[{"href":"https:\/\/odin3d.net\/index.php\/wp-json\/wp\/v2\/types\/product"}],"replies":[{"embeddable":true,"href":"https:\/\/odin3d.net\/index.php\/wp-json\/wp\/v2\/comments?post=19689"}],"wp:featuredmedia":[{"embeddable":true,"href":"https:\/\/odin3d.net\/index.php\/wp-json\/wp\/v2\/media\/19462"}],"wp:attachment":[{"href":"https:\/\/odin3d.net\/index.php\/wp-json\/wp\/v2\/media?parent=19689"}],"wp:term":[{"taxonomy":"product_brand","embeddable":true,"href":"https:\/\/odin3d.net\/index.php\/wp-json\/wp\/v2\/product_brand?post=19689"},{"taxonomy":"product_cat","embeddable":true,"href":"https:\/\/odin3d.net\/index.php\/wp-json\/wp\/v2\/product_cat?post=19689"},{"taxonomy":"product_tag","embeddable":true,"href":"https:\/\/odin3d.net\/index.php\/wp-json\/wp\/v2\/product_tag?post=19689"}],"curies":[{"name":"wp","href":"https:\/\/api.w.org\/{rel}","templated":true}]}}