{"id":19622,"date":"2025-07-09T20:25:48","date_gmt":"2025-07-09T18:25:48","guid":{"rendered":"https:\/\/odin3d.net\/?post_type=product&#038;p=19622"},"modified":"2025-08-06T17:26:50","modified_gmt":"2025-08-06T15:26:50","slug":"organizer-karty-gracza-do-talisman-magia-i-miecz-edycja-4","status":"publish","type":"product","link":"https:\/\/odin3d.net\/index.php\/produkt\/organizer-karty-gracza-do-talisman-magia-i-miecz-edycja-4\/","title":{"rendered":"Organizer karty gracza do Talisman: Magia i Miecz Edycja 4"},"content":{"rendered":"<p>Przenie\u015b swoje wieczory z gr\u0105 Talisman na wy\u017cszy poziom dzi\u0119ki temu pi\u0119knie zaprojektowanemu organizerowi planszy gracza \u2013 stworzonemu specjalnie, aby uatrakcyjni\u0107 Twoje przygody w magicznym kr\u00f3lestwie!<\/p>\n<p>\u2705 Idealnie pasuje do kart w koszulkach<br \/>\nKa\u017cda sekcja jest precyzyjnie wykonana, aby ciasno trzyma\u0107 karty w koszulkach. Koniec z ba\u0142aganem \u2014 tylko czysta, zorganizowana gra!<\/p>\n<p>\u2705 Dedykowana przestrze\u0144 dla:<br \/>\n&#8211; Karty zakl\u0119\u0107<br \/>\n&#8211; Karty Przyg\u00f3d i Przedmiot\u00f3w<br \/>\n&#8211; \u017betony z\u0142ota<br \/>\n&#8211; Liczniki si\u0142y, rzemios\u0142a i \u017cycia<br \/>\n&#8211; Wyr\u00f3wnanie i obszary trofe\u00f3w<\/p>\n<p>\ud83d\udca1 Niezale\u017cnie od tego, czy jeste\u015b weteranem tej krainy, czy dopiero zaczynasz swoj\u0105 magiczn\u0105 przygod\u0119, ten organizer sprawi, \u017ce Twoje zakl\u0119cia i przedmioty b\u0119d\u0105 gotowe do u\u017cycia!<\/p>\n<p>\ud83d\udee0\ufe0f Wykonane na zam\u00f3wienie z wysokiej jako\u015bci tworzywa PLA \u2013 trwa\u0142ego, lekkiego i przyjaznego dla \u015brodowiska.<\/p>\n","protected":false},"excerpt":{"rendered":"<p>Przenie\u015b swoje wieczory z gr\u0105 Talisman na wy\u017cszy poziom dzi\u0119ki temu pi\u0119knie zaprojektowanemu organizerowi planszy gracza \u2013 stworzonemu specjalnie, aby uatrakcyjni\u0107 Twoje przygody w magicznym kr\u00f3lestwie!<\/p>\n","protected":false},"featured_media":19538,"comment_status":"open","ping_status":"closed","template":"","meta":[],"product_brand":[109],"product_cat":[89,29],"product_tag":[98,95,99,96,97],"class_list":{"0":"post-19622","1":"product","2":"type-product","3":"status-publish","4":"has-post-thumbnail","6":"product_brand-odin3d","7":"product_cat-organizery","8":"product_cat-organizery-planszowki","9":"product_tag-akcesoria","10":"product_tag-gra-planszowa","11":"product_tag-insert","12":"product_tag-organizer","13":"product_tag-talisman","15":"first","16":"instock","17":"sale","18":"shipping-taxable","19":"purchasable","20":"product-type-simple"},"jetpack_sharing_enabled":true,"_links":{"self":[{"href":"https:\/\/odin3d.net\/index.php\/wp-json\/wp\/v2\/product\/19622","targetHints":{"allow":["GET"]}}],"collection":[{"href":"https:\/\/odin3d.net\/index.php\/wp-json\/wp\/v2\/product"}],"about":[{"href":"https:\/\/odin3d.net\/index.php\/wp-json\/wp\/v2\/types\/product"}],"replies":[{"embeddable":true,"href":"https:\/\/odin3d.net\/index.php\/wp-json\/wp\/v2\/comments?post=19622"}],"wp:featuredmedia":[{"embeddable":true,"href":"https:\/\/odin3d.net\/index.php\/wp-json\/wp\/v2\/media\/19538"}],"wp:attachment":[{"href":"https:\/\/odin3d.net\/index.php\/wp-json\/wp\/v2\/media?parent=19622"}],"wp:term":[{"taxonomy":"product_brand","embeddable":true,"href":"https:\/\/odin3d.net\/index.php\/wp-json\/wp\/v2\/product_brand?post=19622"},{"taxonomy":"product_cat","embeddable":true,"href":"https:\/\/odin3d.net\/index.php\/wp-json\/wp\/v2\/product_cat?post=19622"},{"taxonomy":"product_tag","embeddable":true,"href":"https:\/\/odin3d.net\/index.php\/wp-json\/wp\/v2\/product_tag?post=19622"}],"curies":[{"name":"wp","href":"https:\/\/api.w.org\/{rel}","templated":true}]}}