{"id":9371,"date":"2022-04-02T02:03:17","date_gmt":"2022-04-02T02:03:17","guid":{"rendered":"https:\/\/pricom.harutheme.com\/3dservices\/?page_id=9371"},"modified":"2024-02-01T12:36:58","modified_gmt":"2024-02-01T11:36:58","slug":"request-a-quote","status":"publish","type":"page","link":"https:\/\/odin3d.net\/index.php\/request-a-quote\/","title":{"rendered":"Darmowa wycena"},"content":{"rendered":"\t\t<div data-elementor-type=\"wp-page\" data-elementor-id=\"9371\" class=\"elementor elementor-9371\" data-elementor-post-type=\"page\">\n\t\t\t\t<div class=\"elementor-element elementor-element-c0d4f64 e-flex e-con-boxed e-con e-parent\" data-id=\"c0d4f64\" data-element_type=\"container\">\n\t\t\t\t\t<div class=\"e-con-inner\">\n\t\t<div class=\"elementor-element elementor-element-13719ed e-con-full e-flex e-con e-child\" data-id=\"13719ed\" data-element_type=\"container\">\n\t\t\t\t<div class=\"elementor-element elementor-element-9c828e5 elementor-widget elementor-widget-haru-heading\" data-id=\"9c828e5\" data-element_type=\"widget\" data-widget_type=\"haru-heading.default\">\n\t\t\t\t<div class=\"elementor-widget-container\">\n\t\t\t\t\t<h2 class=\"haru-heading-title haru-heading-title--heading-5\">Zarezerwuj darmow\u0105 wycen\u0119<\/h2>\t\t\t\t<\/div>\n\t\t\t\t<\/div>\n\t\t\t\t<\/div>\n\t\t\t\t\t<\/div>\n\t\t\t\t<\/div>\n\t\t<div class=\"elementor-element elementor-element-4f02c9e e-flex e-con-boxed e-con e-parent\" data-id=\"4f02c9e\" data-element_type=\"container\">\n\t\t\t\t\t<div class=\"e-con-inner\">\n\t\t<div class=\"elementor-element elementor-element-3e8ce6b e-con-full e-flex e-con e-child\" data-id=\"3e8ce6b\" data-element_type=\"container\">\n\t\t\t\t<div class=\"elementor-element elementor-element-c27946e elementor-widget elementor-widget-shortcode\" data-id=\"c27946e\" data-element_type=\"widget\" data-widget_type=\"shortcode.default\">\n\t\t\t\t<div class=\"elementor-widget-container\">\n\t\t\t\t\t\t\t<div class=\"elementor-shortcode\">\n<div class=\"wpcf7 no-js\" id=\"wpcf7-f11005-o1\" lang=\"en-US\" dir=\"ltr\" data-wpcf7-id=\"11005\">\n<div class=\"screen-reader-response\"><p role=\"status\" aria-live=\"polite\" aria-atomic=\"true\"><\/p> <ul><\/ul><\/div>\n<form action=\"\/index.php\/wp-json\/wp\/v2\/pages\/9371#wpcf7-f11005-o1\" method=\"post\" class=\"wpcf7-form init\" aria-label=\"Contact form\" enctype=\"multipart\/form-data\" novalidate=\"novalidate\" data-status=\"init\">\n<fieldset class=\"hidden-fields-container\"><input type=\"hidden\" name=\"_wpcf7\" value=\"11005\" \/><input type=\"hidden\" name=\"_wpcf7_version\" value=\"6.1.5\" \/><input type=\"hidden\" name=\"_wpcf7_locale\" value=\"en_US\" \/><input type=\"hidden\" name=\"_wpcf7_unit_tag\" value=\"wpcf7-f11005-o1\" \/><input type=\"hidden\" name=\"_wpcf7_container_post\" value=\"0\" \/><input type=\"hidden\" name=\"_wpcf7_posted_data_hash\" value=\"\" \/><input type=\"hidden\" name=\"_wpcf7_recaptcha_response\" value=\"\" \/>\n<\/fieldset>\n<div class=\"contact-form\">\n\n  <h6 class=\"contact-form__title\">Dane osobowe<\/h6>\n  <div class=\"contact-form__row contact-form__row--cols-2\">\n    <div class=\"contact-form__col\">\n      <div class=\"contact-form__label contact-form__label--block\">Imi\u0119<span class=\"contact-form__required\">*<\/span><\/div>\n      <div class=\"contact-form__input\"><span class=\"wpcf7-form-control-wrap\" data-name=\"first-name\"><input size=\"40\" maxlength=\"400\" class=\"wpcf7-form-control wpcf7-text wpcf7-validates-as-required\" aria-required=\"true\" aria-invalid=\"false\" value=\"\" type=\"text\" name=\"first-name\" \/><\/span><\/div>\n    <\/div>\n    <div class=\"contact-form__col\">\n      <div class=\"contact-form__label contact-form__label--block\">Nazwisko<span class=\"contact-form__required\">*<\/span><\/div>\n      <div class=\"contact-form__input\"><span class=\"wpcf7-form-control-wrap\" data-name=\"last-name\"><input size=\"40\" maxlength=\"400\" class=\"wpcf7-form-control wpcf7-text wpcf7-validates-as-required\" aria-required=\"true\" aria-invalid=\"false\" value=\"\" type=\"text\" name=\"last-name\" \/><\/span><\/div>\n    <\/div>\n  <\/div>\n\n  <div class=\"contact-form__row contact-form__row--cols-2\">\n    <div class=\"contact-form__col\">\n      <div class=\"contact-form__label contact-form__label--block\">Telefon<span class=\"contact-form__required\">*<\/span><\/div>\n      <div class=\"contact-form__input\"><span class=\"wpcf7-form-control-wrap\" data-name=\"phone\"><input size=\"40\" maxlength=\"400\" class=\"wpcf7-form-control wpcf7-text wpcf7-validates-as-required\" aria-required=\"true\" aria-invalid=\"false\" value=\"\" type=\"text\" name=\"phone\" \/><\/span><\/div>\n    <\/div>\n    <div class=\"contact-form__col\">\n      <div class=\"contact-form__label contact-form__label--block\">E-mail<span class=\"contact-form__required\">*<\/span><\/div>\n      <div class=\"contact-form__input\"><span class=\"wpcf7-form-control-wrap\" data-name=\"your-email\"><input size=\"40\" maxlength=\"400\" class=\"wpcf7-form-control wpcf7-text wpcf7-validates-as-required\" aria-required=\"true\" aria-invalid=\"false\" value=\"\" type=\"text\" name=\"your-email\" \/><\/span><\/div>\n    <\/div>\n  <\/div>\n\n    <h6 class=\"contact-form__title\">Ilo\u015b\u0107<\/h6>\n  <div class=\"contact-form__row contact-form__row--cols-3\">\n    <div class=\"contact-form__col\">\n      <div class=\"contact-form__label contact-form__label--block\">Ilo\u015b\u0107<span class=\"contact-form__required\">*<\/span><\/div>\n      <div class=\"contact-form__input\"><span class=\"wpcf7-form-control-wrap\" data-name=\"quantity\"><input size=\"40\" maxlength=\"400\" class=\"wpcf7-form-control wpcf7-text wpcf7-validates-as-required\" aria-required=\"true\" aria-invalid=\"false\" value=\"\" type=\"text\" name=\"quantity\" \/><\/span><\/div>\n    <\/div>\n      <\/div>\n\n  <h6 class=\"contact-form__title\">Dodatkowe informacje<\/h6>\n  <div class=\"contact-form__row contact-form__row--cols-4\">\n    <div class=\"contact-form__col\">\n      <div class=\"contact-form__label contact-form__label--block\">Kolor<\/div>\n      <div class=\"contact-form__input\"><span class=\"wpcf7-form-control-wrap\" data-name=\"color\"><select class=\"wpcf7-form-control wpcf7-select\" aria-invalid=\"false\" name=\"color\"><option value=\"Dowolny\">Dowolny<\/option><option value=\"Bia\u0142y\">Bia\u0142y<\/option><option value=\"Czarny\">Czarny<\/option><option value=\"Niebieski\">Niebieski<\/option><option value=\"Czerwony\">Czerwony<\/option><option value=\"Zielony\">Zielony<\/option><option value=\"Fioletowy\">Fioletowy<\/option><option value=\"\u017bo\u0142ty\">\u017bo\u0142ty<\/option><option value=\"Szary\">Szary<\/option><option value=\"Z\u0142oty\">Z\u0142oty<\/option><option value=\"Srebrny\">Srebrny<\/option><option value=\"Inny\">Inny<\/option><\/select><\/span><\/div>\n    <\/div>\n    <div class=\"contact-form__col\">\n      <div class=\"contact-form__label contact-form__label--block\">Materia\u0142<\/div>\n      <div class=\"contact-form__input\"><span class=\"wpcf7-form-control-wrap\" data-name=\"coating\"><select class=\"wpcf7-form-control wpcf7-select\" aria-invalid=\"false\" name=\"coating\"><option value=\"PLA\">PLA<\/option><option value=\"PET-G\">PET-G<\/option><option value=\"ABS\">ABS<\/option><option value=\"ASA\">ASA<\/option><option value=\"TPU\">TPU<\/option><option value=\"Nylon\">Nylon<\/option><option value=\"Inny\">Inny<\/option><\/select><\/span><\/div>\n    <\/div>\n   <\/div>\n  \n  <div class=\"contact-form__row contact-form__row--cv\">\n    <div class=\"contact-form__label contact-form__label--block\">Za\u0142aduj plik<span class=\"contact-form__required\">*<\/span><\/div>\n    <div class=\"contact-form__input\">\n        <div class=\"contact-form__file\">\n            <span class=\"wpcf7-form-control-wrap\" data-name=\"file\"><input size=\"40\" class=\"wpcf7-form-control wpcf7-file wpcf7-validates-as-required\" accept=\".stl,.3mf,.obj,.step\" aria-required=\"true\" aria-invalid=\"false\" type=\"file\" name=\"file\" \/><\/span>\n            <div class=\"contact-form__file-upload\">Wybierz plik<\/div>\n            <div class=\"contact-form__file-uploaded\"><\/div>\n        <\/div>\n    <\/div>\n  <\/div>\n\n  <div class=\"contact-form__row\">\n    <div class=\"contact-form__label contact-form__label--block\">Wiadomo\u015b\u0107<\/div>\n    <div class=\"contact-form__input contact-form__message\"><span class=\"wpcf7-form-control-wrap\" data-name=\"message\"><textarea cols=\"40\" rows=\"10\" maxlength=\"2000\" class=\"wpcf7-form-control wpcf7-textarea\" aria-invalid=\"false\" name=\"message\"><\/textarea><\/span><\/div>\n  <\/div>\n\n  <div class=\"contact-form__row contact-form__row--submit\">\n    <div class=\"contact-form__submit contact-form__submit--left\">\n      <input class=\"wpcf7-form-control wpcf7-submit has-spinner\" type=\"submit\" value=\"Zam\u00f3w darmow\u0105 wycen\u0119!\" \/>\n    <\/div>\n<span class=\"wpcf7-form-control-wrap recaptcha\" data-name=\"recaptcha\"><span data-sitekey=\"6LclYQUqAAAAAHWcHcrJrjQbz06wrlWw3Jf5rqVp\" class=\"wpcf7-form-control wpcf7-recaptcha g-recaptcha\"><\/span>\r\n<noscript>\r\n\t<div class=\"grecaptcha-noscript\">\r\n\t\t<iframe src=\"https:\/\/www.google.com\/recaptcha\/api\/fallback?k=6LclYQUqAAAAAHWcHcrJrjQbz06wrlWw3Jf5rqVp\" frameborder=\"0\" scrolling=\"no\" width=\"310\" height=\"430\">\r\n\t\t<\/iframe>\r\n\t\t<textarea name=\"g-recaptcha-response\" rows=\"3\" cols=\"40\" placeholder=\"reCaptcha Response Here\">\r\n\t\t<\/textarea>\r\n\t<\/div>\r\n<\/noscript>\r\n<\/span>\n  <\/div>\n\n<\/div><div class=\"wpcf7-response-output\" aria-hidden=\"true\"><\/div>\n<\/form>\n<\/div>\n<\/div>\n\t\t\t\t\t\t<\/div>\n\t\t\t\t<\/div>\n\t\t\t\t<\/div>\n\t\t<div class=\"elementor-element elementor-element-c68b689 e-con-full e-flex e-con e-child\" data-id=\"c68b689\" data-element_type=\"container\">\n\t\t<div class=\"elementor-element elementor-element-28c1c66 e-con-full e-flex e-con e-child\" data-id=\"28c1c66\" data-element_type=\"container\">\n\t\t<div class=\"elementor-element elementor-element-8f5f95b e-con-full e-flex e-con e-child\" data-id=\"8f5f95b\" data-element_type=\"container\">\n\t\t\t\t<div class=\"elementor-element elementor-element-47a40aa elementor-widget elementor-widget-haru-icon-box\" data-id=\"47a40aa\" data-element_type=\"widget\" data-widget_type=\"haru-icon-box.default\">\n\t\t\t\t<div class=\"elementor-widget-container\">\n\t\t\t\t\t\n                            <div class=\"haru-icon-box haru-icon-box--style-7\">\n                                                                        <div class=\"haru-icon-box__icon\">\n                                <span  >\n                                <i aria-hidden=\"true\" class=\"pricon pricon-no-dollar\"><\/i>                                <\/span>\n                            <\/div>\n\n                            <div class=\"haru-icon-box__content\">\n                                <h6 class=\"haru-icon-box__title\">\n                                                                            Brak ukrytych p\u0142atno\u015bci                                                                    <\/h6>\n                                                            <\/div>\n                                            \n                                    <\/div>\n            \n            \t\t\t\t<\/div>\n\t\t\t\t<\/div>\n\t\t\t\t<\/div>\n\t\t<div class=\"elementor-element elementor-element-ca3a366 e-con-full e-flex e-con e-child\" data-id=\"ca3a366\" data-element_type=\"container\">\n\t\t\t\t<div class=\"elementor-element elementor-element-20533ef elementor-widget elementor-widget-haru-icon-box\" data-id=\"20533ef\" data-element_type=\"widget\" data-widget_type=\"haru-icon-box.default\">\n\t\t\t\t<div class=\"elementor-widget-container\">\n\t\t\t\t\t\n                            <div class=\"haru-icon-box haru-icon-box--style-7\">\n                                                                        <div class=\"haru-icon-box__icon\">\n                                <span  >\n                                <i aria-hidden=\"true\" class=\"pricon pricon-printer\"><\/i>                                <\/span>\n                            <\/div>\n\n                            <div class=\"haru-icon-box__content\">\n                                <h6 class=\"haru-icon-box__title\">\n                                                                            Wysoka jako\u015b\u0107 druku                                                                    <\/h6>\n                                                            <\/div>\n                                            \n                                    <\/div>\n            \n            \t\t\t\t<\/div>\n\t\t\t\t<\/div>\n\t\t\t\t<\/div>\n\t\t\t\t<\/div>\n\t\t<div class=\"elementor-element elementor-element-89413e9 e-con-full e-flex e-con e-child\" data-id=\"89413e9\" data-element_type=\"container\">\n\t\t<div class=\"elementor-element elementor-element-8312521 e-con-full e-flex e-con e-child\" data-id=\"8312521\" data-element_type=\"container\">\n\t\t\t\t<div class=\"elementor-element elementor-element-9ff4912 elementor-widget elementor-widget-haru-icon-box\" data-id=\"9ff4912\" data-element_type=\"widget\" data-widget_type=\"haru-icon-box.default\">\n\t\t\t\t<div class=\"elementor-widget-container\">\n\t\t\t\t\t\n                            <div class=\"haru-icon-box haru-icon-box--style-7\">\n                                                                        <div class=\"haru-icon-box__icon\">\n                                <span  >\n                                <i aria-hidden=\"true\" class=\"pricon pricon-package\"><\/i>                                <\/span>\n                            <\/div>\n\n                            <div class=\"haru-icon-box__content\">\n                                <h6 class=\"haru-icon-box__title\">\n                                                                            Brak minimalnej ilo\u015bci w zam\u00f3wieniach                                                                    <\/h6>\n                                                            <\/div>\n                                            \n                                    <\/div>\n            \n            \t\t\t\t<\/div>\n\t\t\t\t<\/div>\n\t\t\t\t<\/div>\n\t\t<div class=\"elementor-element elementor-element-fbe245c e-con-full e-flex e-con e-child\" data-id=\"fbe245c\" data-element_type=\"container\">\n\t\t\t\t<div class=\"elementor-element elementor-element-4ee52a5 elementor-widget elementor-widget-haru-icon-box\" data-id=\"4ee52a5\" data-element_type=\"widget\" data-widget_type=\"haru-icon-box.default\">\n\t\t\t\t<div class=\"elementor-widget-container\">\n\t\t\t\t\t\n                            <div class=\"haru-icon-box haru-icon-box--style-7\">\n                                                                        <div class=\"haru-icon-box__icon\">\n                                <span  >\n                                <i aria-hidden=\"true\" class=\"pricon pricon-equalizer\"><\/i>                                <\/span>\n                            <\/div>\n\n                            <div class=\"haru-icon-box__content\">\n                                <h6 class=\"haru-icon-box__title\">\n                                                                            Personalizacja                                                                    <\/h6>\n                                                            <\/div>\n                                            \n                                    <\/div>\n            \n            \t\t\t\t<\/div>\n\t\t\t\t<\/div>\n\t\t\t\t<\/div>\n\t\t\t\t<\/div>\n\t\t<div class=\"elementor-element elementor-element-7088de2 e-con-full e-flex e-con e-child\" data-id=\"7088de2\" data-element_type=\"container\">\n\t\t<div class=\"elementor-element elementor-element-b267b6e e-con-full e-flex e-con e-child\" data-id=\"b267b6e\" data-element_type=\"container\">\n\t\t\t\t<div class=\"elementor-element elementor-element-4bd9c31 elementor-widget elementor-widget-haru-icon-box\" data-id=\"4bd9c31\" data-element_type=\"widget\" data-widget_type=\"haru-icon-box.default\">\n\t\t\t\t<div class=\"elementor-widget-container\">\n\t\t\t\t\t\n                            <div class=\"haru-icon-box haru-icon-box--style-7\">\n                                                                        <div class=\"haru-icon-box__icon\">\n                                <span  >\n                                <i aria-hidden=\"true\" class=\"pricon pricon-delivery\"><\/i>                                <\/span>\n                            <\/div>\n\n                            <div class=\"haru-icon-box__content\">\n                                <h6 class=\"haru-icon-box__title\">\n                                                                            Szybka dostawa                                                                    <\/h6>\n                                                            <\/div>\n                                            \n                                    <\/div>\n            \n            \t\t\t\t<\/div>\n\t\t\t\t<\/div>\n\t\t\t\t<\/div>\n\t\t<div class=\"elementor-element elementor-element-c4eb547 e-con-full e-flex e-con e-child\" data-id=\"c4eb547\" data-element_type=\"container\">\n\t\t\t\t<div class=\"elementor-element elementor-element-5dd49da elementor-widget elementor-widget-haru-icon-box\" data-id=\"5dd49da\" data-element_type=\"widget\" data-widget_type=\"haru-icon-box.default\">\n\t\t\t\t<div class=\"elementor-widget-container\">\n\t\t\t\t\t\n                            <div class=\"haru-icon-box haru-icon-box--style-7\">\n                                                                        <div class=\"haru-icon-box__icon\">\n                                <span  >\n                                <i aria-hidden=\"true\" class=\"pricon pricon-credit-card\"><\/i>                                <\/span>\n                            <\/div>\n\n                            <div class=\"haru-icon-box__content\">\n                                <h6 class=\"haru-icon-box__title\">\n                                                                            Bezpieczna p\u0142atno\u015b\u0107                                                                    <\/h6>\n                                                            <\/div>\n                                            \n                                    <\/div>\n            \n            \t\t\t\t<\/div>\n\t\t\t\t<\/div>\n\t\t\t\t<\/div>\n\t\t\t\t<\/div>\n\t\t\t\t<\/div>\n\t\t\t\t\t<\/div>\n\t\t\t\t<\/div>\n\t\t\t\t<\/div>\n\t\t","protected":false},"excerpt":{"rendered":"<p>Zarezerwuj darmow\u0105 wycen\u0119 Brak ukrytych p\u0142atno\u015bci Wysoka jako\u015b\u0107 druku Brak minimalnej ilo\u015bci w zam\u00f3wieniach Personalizacja Szybka dostawa Bezpieczna p\u0142atno\u015b\u0107<\/p>\n","protected":false},"author":2,"featured_media":0,"parent":0,"menu_order":0,"comment_status":"closed","ping_status":"closed","template":"","meta":{"footnotes":""},"class_list":["post-9371","page","type-page","status-publish","hentry"],"jetpack_sharing_enabled":true,"_links":{"self":[{"href":"https:\/\/odin3d.net\/index.php\/wp-json\/wp\/v2\/pages\/9371","targetHints":{"allow":["GET"]}}],"collection":[{"href":"https:\/\/odin3d.net\/index.php\/wp-json\/wp\/v2\/pages"}],"about":[{"href":"https:\/\/odin3d.net\/index.php\/wp-json\/wp\/v2\/types\/page"}],"author":[{"embeddable":true,"href":"https:\/\/odin3d.net\/index.php\/wp-json\/wp\/v2\/users\/2"}],"replies":[{"embeddable":true,"href":"https:\/\/odin3d.net\/index.php\/wp-json\/wp\/v2\/comments?post=9371"}],"version-history":[{"count":25,"href":"https:\/\/odin3d.net\/index.php\/wp-json\/wp\/v2\/pages\/9371\/revisions"}],"predecessor-version":[{"id":19118,"href":"https:\/\/odin3d.net\/index.php\/wp-json\/wp\/v2\/pages\/9371\/revisions\/19118"}],"wp:attachment":[{"href":"https:\/\/odin3d.net\/index.php\/wp-json\/wp\/v2\/media?parent=9371"}],"curies":[{"name":"wp","href":"https:\/\/api.w.org\/{rel}","templated":true}]}}