{"id":19456,"date":"2025-02-14T21:42:11","date_gmt":"2025-02-14T20:42:11","guid":{"rendered":"https:\/\/odin3d.net\/index.php\/koszyk\/"},"modified":"2025-08-03T22:14:39","modified_gmt":"2025-08-03T20:14:39","slug":"koszyk","status":"publish","type":"page","link":"https:\/\/odin3d.net\/index.php\/koszyk\/","title":{"rendered":"Koszyk"},"content":{"rendered":"\n<div data-block-name=\"woocommerce\/cart\" class=\"wp-block-woocommerce-cart alignwide is-loading\">\n<div data-block-name=\"woocommerce\/filled-cart-block\" class=\"wp-block-woocommerce-filled-cart-block\">\n<div data-block-name=\"woocommerce\/cart-items-block\" class=\"wp-block-woocommerce-cart-items-block\">\n<div data-block-name=\"woocommerce\/cart-line-items-block\" class=\"wp-block-woocommerce-cart-line-items-block\"><\/div>\n\n\n\n<div data-block-name=\"woocommerce\/cart-cross-sells-block\" class=\"wp-block-woocommerce-cart-cross-sells-block\">\n<h2 class=\"wp-block-heading has-large-font-size\">Zobacz inne r\u00f3wnie interesuj\u0105ce\u2026<\/h2>\n\n\n\n<div data-block-name=\"woocommerce\/cart-cross-sells-products-block\" class=\"wp-block-woocommerce-cart-cross-sells-products-block\"><\/div>\n<\/div>\n<\/div>\n\n\n\n<div data-block-name=\"woocommerce\/cart-totals-block\" class=\"wp-block-woocommerce-cart-totals-block\">\n<div data-block-name=\"woocommerce\/cart-order-summary-block\" class=\"wp-block-woocommerce-cart-order-summary-block\">\n<div data-block-name=\"woocommerce\/cart-order-summary-heading-block\" class=\"wp-block-woocommerce-cart-order-summary-heading-block\"><\/div><div data-block-name=\"woocommerce\/cart-order-summary-coupon-form-block\" class=\"wp-block-woocommerce-cart-order-summary-coupon-form-block\"><\/div><div data-block-name=\"woocommerce\/cart-order-summary-totals-block\" class=\"wp-block-woocommerce-cart-order-summary-totals-block\">\n<div data-block-name=\"woocommerce\/cart-order-summary-subtotal-block\" class=\"wp-block-woocommerce-cart-order-summary-subtotal-block\"><\/div>\n<div data-block-name=\"woocommerce\/cart-order-summary-discount-block\" class=\"wp-block-woocommerce-cart-order-summary-discount-block\"><\/div>\n<div data-block-name=\"woocommerce\/cart-order-summary-fee-block\" class=\"wp-block-woocommerce-cart-order-summary-fee-block\"><\/div>\n<div data-block-name=\"woocommerce\/cart-order-summary-shipping-block\" class=\"wp-block-woocommerce-cart-order-summary-shipping-block\"><\/div>\n<div data-block-name=\"woocommerce\/cart-order-summary-taxes-block\" class=\"wp-block-woocommerce-cart-order-summary-taxes-block\"><\/div><\/div>\n<\/div>\n\n\n\n<div data-block-name=\"woocommerce\/cart-express-payment-block\" class=\"wp-block-woocommerce-cart-express-payment-block\"><\/div>\n\n\n\n<div data-block-name=\"woocommerce\/proceed-to-checkout-block\" class=\"wp-block-woocommerce-proceed-to-checkout-block\"><\/div>\n<div id=\"ppcp-recaptcha-v2-container\" style=\"margin:20px 0;\"><\/div>\n\n\n<div data-block-name=\"woocommerce\/cart-accepted-payment-methods-block\" class=\"wp-block-woocommerce-cart-accepted-payment-methods-block\"><\/div>\n<\/div>\n<\/div>\n\n\n\n<div data-block-name=\"woocommerce\/empty-cart-block\" class=\"wp-block-woocommerce-empty-cart-block\">\n<h2 class=\"wp-block-heading has-text-align-center with-empty-cart-icon wc-block-cart__empty-cart__title\">Tw\u00f3j koszyk jest obecnie pusty!<\/h2>\n\n\n\n<hr class=\"wp-block-separator has-alpha-channel-opacity is-style-dots\"\/>\n\n\n\n<h2 class=\"wp-block-heading has-text-align-center\">Nowe w sklepie<\/h2>\n\n\n<div data-block-name=\"woocommerce\/product-new\" data-columns=\"4\" data-rows=\"1\" class=\"wc-block-grid wp-block-product-new wp-block-woocommerce-product-new wc-block-product-new has-4-columns\"><ul class=\"wc-block-grid__products\"><li class=\"wc-block-grid__product\">\n\t\t\t\t<a href=\"https:\/\/odin3d.net\/index.php\/produkt\/polka-stoajk-kanapa-przyjaciele-friends-na-figurki-mcdonalds-2026\/\" class=\"wc-block-grid__product-link\">\n\t\t\t\t\t\n\t\t\t\t\t<div class=\"wc-block-grid__product-image\"><img fetchpriority=\"high\" decoding=\"async\" width=\"300\" height=\"300\" src=\"https:\/\/odin3d.net\/wordpress\/wp-content\/uploads\/2026\/02\/Gemini_Generated_Image_18g4ui18g4ui18g4-300x300.png\" class=\"attachment-woocommerce_thumbnail size-woocommerce_thumbnail\" alt=\"P\u00f3\u0142ka Stoajk Kanapa Przyjaciele Friends Na figurki McDonald&#039;s 2026\" srcset=\"https:\/\/odin3d.net\/wordpress\/wp-content\/uploads\/2026\/02\/Gemini_Generated_Image_18g4ui18g4ui18g4-300x300.png 300w, https:\/\/odin3d.net\/wordpress\/wp-content\/uploads\/2026\/02\/Gemini_Generated_Image_18g4ui18g4ui18g4-150x150.png 150w, https:\/\/odin3d.net\/wordpress\/wp-content\/uploads\/2026\/02\/Gemini_Generated_Image_18g4ui18g4ui18g4-700x700.png 700w, https:\/\/odin3d.net\/wordpress\/wp-content\/uploads\/2026\/02\/Gemini_Generated_Image_18g4ui18g4ui18g4-370x370.png 370w, https:\/\/odin3d.net\/wordpress\/wp-content\/uploads\/2026\/02\/Gemini_Generated_Image_18g4ui18g4ui18g4-75x75.png 75w\" sizes=\"(max-width: 300px) 100vw, 300px\" \/><\/div>\n\t\t\t\t\t<div class=\"wc-block-grid__product-title\">P\u00f3\u0142ka Stoajk Kanapa Przyjaciele Friends Na figurki McDonald&#8217;s 2026<\/div>\n\t\t\t\t<\/a>\n\t\t\t\t<div class=\"wc-block-grid__product-price price\"><span class=\"woocommerce-Price-amount amount\">120,00&nbsp;<span class=\"woocommerce-Price-currencySymbol\">&#122;&#322;<\/span><\/span><\/div>\n\t\t\t\t\n\t\t\t\t<div class=\"wp-block-button wc-block-grid__product-add-to-cart\"><a href=\"\/index.php\/wp-json\/wp\/v2\/pages\/19456?add-to-cart=20243\" aria-label=\"Dodaj do koszyka: &bdquo;P\u00f3\u0142ka Stoajk Kanapa Przyjaciele Friends Na figurki McDonald&#039;s 2026&rdquo;\" data-quantity=\"1\" data-product_id=\"20243\" data-product_sku=\"F0130226\" data-price=\"120\" rel=\"nofollow\" class=\"wp-block-button__link  add_to_cart_button ajax_add_to_cart\">Dodaj do koszyka<\/a><\/div>\n\t\t\t<\/li><li class=\"wc-block-grid__product\">\n\t\t\t\t<a href=\"https:\/\/odin3d.net\/index.php\/produkt\/polka-bb-8-star-wars-galaktyczny-organizer-na-figurki-kinder-niespodzianka\/\" class=\"wc-block-grid__product-link\">\n\t\t\t\t\t\n\t\t\t\t\t<div class=\"wc-block-grid__product-image\"><img decoding=\"async\" width=\"300\" height=\"300\" src=\"https:\/\/odin3d.net\/wordpress\/wp-content\/uploads\/2026\/02\/miniatura-300x300.jpg\" class=\"attachment-woocommerce_thumbnail size-woocommerce_thumbnail\" alt=\"P\u00f3\u0142ka BB-8 Star Wars - Galaktyczny Organizer na Figurki (Kinder Niespodzianka)\" srcset=\"https:\/\/odin3d.net\/wordpress\/wp-content\/uploads\/2026\/02\/miniatura-300x300.jpg 300w, https:\/\/odin3d.net\/wordpress\/wp-content\/uploads\/2026\/02\/miniatura-150x150.jpg 150w, https:\/\/odin3d.net\/wordpress\/wp-content\/uploads\/2026\/02\/miniatura-700x700.jpg 700w, https:\/\/odin3d.net\/wordpress\/wp-content\/uploads\/2026\/02\/miniatura-370x370.jpg 370w, https:\/\/odin3d.net\/wordpress\/wp-content\/uploads\/2026\/02\/miniatura-75x75.jpg 75w\" sizes=\"(max-width: 300px) 100vw, 300px\" \/><\/div>\n\t\t\t\t\t<div class=\"wc-block-grid__product-title\">P\u00f3\u0142ka BB-8 Star Wars &#8211; Galaktyczny Organizer na Figurki (Kinder Niespodzianka)<\/div>\n\t\t\t\t<\/a>\n\t\t\t\t<div class=\"wc-block-grid__product-price price\"><\/div>\n\t\t\t\t\n\t\t\t\t<div class=\"wp-block-button wc-block-grid__product-add-to-cart\"><a href=\"https:\/\/odin3d.net\/index.php\/produkt\/polka-bb-8-star-wars-galaktyczny-organizer-na-figurki-kinder-niespodzianka\/\" aria-label=\"Przeczytaj wi\u0119cej o &bdquo;P\u00f3\u0142ka BB-8 Star Wars - Galaktyczny Organizer na Figurki (Kinder Niespodzianka)&rdquo;\" data-quantity=\"1\" data-product_id=\"20229\" data-product_sku=\"\" data-price=\"0\" rel=\"nofollow\" class=\"wp-block-button__link  add_to_cart_button\">Dowiedz si\u0119 wi\u0119cej<\/a><\/div>\n\t\t\t<\/li><li class=\"wc-block-grid__product\">\n\t\t\t\t<a href=\"https:\/\/odin3d.net\/index.php\/produkt\/wrota-do-hawkins-dwupoziomowa-diorama-stranger-things-na-figurki-funko-pop\/\" class=\"wc-block-grid__product-link\">\n\t\t\t\t\t\n\t\t\t\t\t<div class=\"wc-block-grid__product-image\"><img decoding=\"async\" width=\"300\" height=\"300\" src=\"https:\/\/odin3d.net\/wordpress\/wp-content\/uploads\/2026\/02\/allegro01-300x300.png\" class=\"attachment-woocommerce_thumbnail size-woocommerce_thumbnail\" alt=\"Wrota do Hawkins - Dwupoziomowa Diorama Stranger Things na Figurki Funko Pop\" srcset=\"https:\/\/odin3d.net\/wordpress\/wp-content\/uploads\/2026\/02\/allegro01-300x300.png 300w, https:\/\/odin3d.net\/wordpress\/wp-content\/uploads\/2026\/02\/allegro01-150x150.png 150w, https:\/\/odin3d.net\/wordpress\/wp-content\/uploads\/2026\/02\/allegro01-700x700.png 700w, https:\/\/odin3d.net\/wordpress\/wp-content\/uploads\/2026\/02\/allegro01-370x370.png 370w, https:\/\/odin3d.net\/wordpress\/wp-content\/uploads\/2026\/02\/allegro01-75x75.png 75w\" sizes=\"(max-width: 300px) 100vw, 300px\" \/><\/div>\n\t\t\t\t\t<div class=\"wc-block-grid__product-title\">Wrota do Hawkins &#8211; Dwupoziomowa Diorama Stranger Things na Figurki Funko Pop<\/div>\n\t\t\t\t<\/a>\n\t\t\t\t<div class=\"wc-block-grid__product-price price\"><span class=\"woocommerce-Price-amount amount\">190,00&nbsp;<span class=\"woocommerce-Price-currencySymbol\">&#122;&#322;<\/span><\/span><\/div>\n\t\t\t\t\n\t\t\t\t<div class=\"wp-block-button wc-block-grid__product-add-to-cart\"><a href=\"\/index.php\/wp-json\/wp\/v2\/pages\/19456?add-to-cart=20223\" aria-label=\"Dodaj do koszyka: &bdquo;Wrota do Hawkins - Dwupoziomowa Diorama Stranger Things na Figurki Funko Pop&rdquo;\" data-quantity=\"1\" data-product_id=\"20223\" data-product_sku=\"SKU0261\" data-price=\"190\" rel=\"nofollow\" class=\"wp-block-button__link  add_to_cart_button ajax_add_to_cart\">Dodaj do koszyka<\/a><\/div>\n\t\t\t<\/li><li class=\"wc-block-grid__product\">\n\t\t\t\t<a href=\"https:\/\/odin3d.net\/index.php\/produkt\/polka-kolekcjonerska-stranger-things-na-figurki-kinder-joy-druk-3d-kolorowe-logo\/\" class=\"wc-block-grid__product-link\">\n\t\t\t\t\t\n\t\t\t\t\t<div class=\"wc-block-grid__product-image\"><img loading=\"lazy\" decoding=\"async\" width=\"300\" height=\"300\" src=\"https:\/\/odin3d.net\/wordpress\/wp-content\/uploads\/2025\/10\/thumbnail2-300x300.png\" class=\"attachment-woocommerce_thumbnail size-woocommerce_thumbnail\" alt=\"P\u00f3\u0142ka kolekcjonerska STRANGER THINGS na figurki Kinder Joy Druk 3D Kolorowe Logo\" srcset=\"https:\/\/odin3d.net\/wordpress\/wp-content\/uploads\/2025\/10\/thumbnail2-300x300.png 300w, https:\/\/odin3d.net\/wordpress\/wp-content\/uploads\/2025\/10\/thumbnail2-150x150.png 150w, https:\/\/odin3d.net\/wordpress\/wp-content\/uploads\/2025\/10\/thumbnail2-700x700.png 700w, https:\/\/odin3d.net\/wordpress\/wp-content\/uploads\/2025\/10\/thumbnail2-370x370.png 370w, https:\/\/odin3d.net\/wordpress\/wp-content\/uploads\/2025\/10\/thumbnail2-75x75.png 75w\" sizes=\"(max-width: 300px) 100vw, 300px\" \/><\/div>\n\t\t\t\t\t<div class=\"wc-block-grid__product-title\">P\u00f3\u0142ka kolekcjonerska STRANGER THINGS na figurki Kinder Joy Druk 3D Kolorowe Logo<\/div>\n\t\t\t\t<\/a>\n\t\t\t\t<div class=\"wc-block-grid__product-price price\"><span class=\"woocommerce-Price-amount amount\">140,00&nbsp;<span class=\"woocommerce-Price-currencySymbol\">&#122;&#322;<\/span><\/span><\/div>\n\t\t\t\t\n\t\t\t\t<div class=\"wp-block-button wc-block-grid__product-add-to-cart\"><a href=\"\/index.php\/wp-json\/wp\/v2\/pages\/19456?add-to-cart=20168\" aria-label=\"Dodaj do koszyka: &bdquo;P\u00f3\u0142ka kolekcjonerska STRANGER THINGS na figurki Kinder Joy Druk 3D Kolorowe Logo&rdquo;\" data-quantity=\"1\" data-product_id=\"20168\" data-product_sku=\"017\" data-price=\"140\" rel=\"nofollow\" class=\"wp-block-button__link  add_to_cart_button ajax_add_to_cart\">Dodaj do koszyka<\/a><\/div>\n\t\t\t<\/li><\/ul><\/div><\/div>\n<\/div>\n","protected":false},"excerpt":{"rendered":"","protected":false},"author":1,"featured_media":0,"parent":0,"menu_order":0,"comment_status":"closed","ping_status":"closed","template":"","meta":{"footnotes":""},"class_list":["post-19456","page","type-page","status-publish","hentry"],"jetpack_sharing_enabled":true,"_links":{"self":[{"href":"https:\/\/odin3d.net\/index.php\/wp-json\/wp\/v2\/pages\/19456","targetHints":{"allow":["GET"]}}],"collection":[{"href":"https:\/\/odin3d.net\/index.php\/wp-json\/wp\/v2\/pages"}],"about":[{"href":"https:\/\/odin3d.net\/index.php\/wp-json\/wp\/v2\/types\/page"}],"author":[{"embeddable":true,"href":"https:\/\/odin3d.net\/index.php\/wp-json\/wp\/v2\/users\/1"}],"replies":[{"embeddable":true,"href":"https:\/\/odin3d.net\/index.php\/wp-json\/wp\/v2\/comments?post=19456"}],"version-history":[{"count":1,"href":"https:\/\/odin3d.net\/index.php\/wp-json\/wp\/v2\/pages\/19456\/revisions"}],"predecessor-version":[{"id":19981,"href":"https:\/\/odin3d.net\/index.php\/wp-json\/wp\/v2\/pages\/19456\/revisions\/19981"}],"wp:attachment":[{"href":"https:\/\/odin3d.net\/index.php\/wp-json\/wp\/v2\/media?parent=19456"}],"curies":[{"name":"wp","href":"https:\/\/api.w.org\/{rel}","templated":true}]}}