{"id":19223,"date":"2024-07-01T10:34:28","date_gmt":"2024-07-01T08:34:28","guid":{"rendered":"http:\/\/odin3d.ddns.net\/wordpress\/?page_id=19223"},"modified":"2024-07-01T10:39:22","modified_gmt":"2024-07-01T08:39:22","slug":"dostawa","status":"publish","type":"page","link":"https:\/\/odin3d.net\/index.php\/dostawa\/","title":{"rendered":"Dostawa"},"content":{"rendered":"\t\t<div data-elementor-type=\"wp-page\" data-elementor-id=\"19223\" class=\"elementor elementor-19223\" data-elementor-post-type=\"page\">\n\t\t\t\t<div class=\"elementor-element elementor-element-2cfb352 e-flex e-con-boxed e-con e-parent\" data-id=\"2cfb352\" data-element_type=\"container\">\n\t\t\t\t\t<div class=\"e-con-inner\">\n\t\t\t\t<div class=\"elementor-element elementor-element-ad9f8c4 elementor-widget elementor-widget-text-editor\" data-id=\"ad9f8c4\" data-element_type=\"widget\" data-widget_type=\"text-editor.default\">\n\t\t\t\t<div class=\"elementor-widget-container\">\n\t\t\t\t\t\t\t\t\t<h3>Dostawa<\/h3><p>Dbamy o to, aby Twoje zam\u00f3wienia dotar\u0142y do Ciebie szybko i bezpiecznie. Wsp\u00f3\u0142pracujemy z renomowanymi przewo\u017anikami, aby zapewni\u0107 najlepsz\u0105 jako\u015b\u0107 us\u0142ug dostawy. Oferujemy r\u00f3\u017cne opcje wysy\u0142ki, dostosowane do Twoich potrzeb.<\/p><h4>Przewo\u017anicy<\/h4><ol><li><h5><strong>DHL<\/strong><\/h5><ul><li>Ekspresowa dostawa krajowa i mi\u0119dzynarodowa.<\/li><li>Czas dostawy: 1-3 dni robocze (kraj), 3-7 dni roboczych (mi\u0119dzynarodowa).<\/li><\/ul><\/li><li><h5><strong>DPD<\/strong><\/h5><ul><li>Szybka i niezawodna dostawa.<\/li><li>Czas dostawy: 1-3 dni robocze (kraj), 3-5 dni roboczych (mi\u0119dzynarodowa).<\/li><\/ul><\/li><li><h5><strong>InPost<\/strong><\/h5><ul><li>Paczkomaty oraz dostawa kurierska.<\/li><li>Czas dostawy: 1-2 dni robocze.<\/li><\/ul><\/li><\/ol><h4>Koszty wysy\u0142ki<\/h4><p>Koszty wysy\u0142ki s\u0105 uzale\u017cnione od wybranego przewo\u017anika, wagi oraz rozmiaru przesy\u0142ki. Dok\u0142adny koszt zostanie obliczony podczas sk\u0142adania zam\u00f3wienia.<\/p><h4>\u015aledzenie przesy\u0142ki<\/h4><p>Po nadaniu przesy\u0142ki, otrzymasz numer \u015bledzenia, kt\u00f3ry pozwoli Ci na bie\u017c\u0105co monitorowa\u0107 status dostawy.<\/p><h4>Zwroty i reklamacje<\/h4><p>W przypadku jakichkolwiek problem\u00f3w z dostaw\u0105, prosimy o kontakt z naszym dzia\u0142em obs\u0142ugi klienta pod adresem e-mail: <a rel=\"noreferrer\">kontakt@xyzdruk3d.pl<\/a> lub telefonicznie: +48 123 456 789.<\/p><p>Dzi\u0119kujemy za zaufanie i zapraszamy do sk\u0142adania zam\u00f3wie\u0144!<\/p>\t\t\t\t\t\t\t\t<\/div>\n\t\t\t\t<\/div>\n\t\t\t\t\t<\/div>\n\t\t\t\t<\/div>\n\t\t\t\t<\/div>\n\t\t","protected":false},"excerpt":{"rendered":"<p>Dostawa Dbamy o to, aby Twoje zam\u00f3wienia dotar\u0142y do Ciebie szybko i bezpiecznie. Wsp\u00f3\u0142pracujemy z renomowanymi przewo\u017anikami, aby zapewni\u0107 najlepsz\u0105 jako\u015b\u0107 us\u0142ug dostawy. Oferujemy r\u00f3\u017cne opcje wysy\u0142ki, dostosowane do Twoich potrzeb. Przewo\u017anicy DHL Ekspresowa dostawa krajowa i mi\u0119dzynarodowa. Czas dostawy: 1-3 dni robocze (kraj), 3-7 dni roboczych (mi\u0119dzynarodowa). DPD Szybka i niezawodna dostawa. Czas dostawy: [&hellip;]<\/p>\n","protected":false},"author":1,"featured_media":0,"parent":0,"menu_order":0,"comment_status":"closed","ping_status":"closed","template":"","meta":{"footnotes":""},"class_list":["post-19223","page","type-page","status-publish","hentry"],"jetpack_sharing_enabled":true,"_links":{"self":[{"href":"https:\/\/odin3d.net\/index.php\/wp-json\/wp\/v2\/pages\/19223","targetHints":{"allow":["GET"]}}],"collection":[{"href":"https:\/\/odin3d.net\/index.php\/wp-json\/wp\/v2\/pages"}],"about":[{"href":"https:\/\/odin3d.net\/index.php\/wp-json\/wp\/v2\/types\/page"}],"author":[{"embeddable":true,"href":"https:\/\/odin3d.net\/index.php\/wp-json\/wp\/v2\/users\/1"}],"replies":[{"embeddable":true,"href":"https:\/\/odin3d.net\/index.php\/wp-json\/wp\/v2\/comments?post=19223"}],"version-history":[{"count":5,"href":"https:\/\/odin3d.net\/index.php\/wp-json\/wp\/v2\/pages\/19223\/revisions"}],"predecessor-version":[{"id":19228,"href":"https:\/\/odin3d.net\/index.php\/wp-json\/wp\/v2\/pages\/19223\/revisions\/19228"}],"wp:attachment":[{"href":"https:\/\/odin3d.net\/index.php\/wp-json\/wp\/v2\/media?parent=19223"}],"curies":[{"name":"wp","href":"https:\/\/api.w.org\/{rel}","templated":true}]}}