{"id":19213,"date":"2024-07-01T10:22:44","date_gmt":"2024-07-01T08:22:44","guid":{"rendered":"http:\/\/odin3d.ddns.net\/wordpress\/?page_id=19213"},"modified":"2025-03-16T20:16:11","modified_gmt":"2025-03-16T19:16:11","slug":"polityka-prywatnosci-2","status":"publish","type":"page","link":"https:\/\/odin3d.net\/index.php\/polityka-prywatnosci-2\/","title":{"rendered":"Polityka prywatno\u015bci"},"content":{"rendered":"\t\t<div data-elementor-type=\"wp-page\" data-elementor-id=\"19213\" class=\"elementor elementor-19213\" data-elementor-post-type=\"page\">\n\t\t\t\t<div class=\"elementor-element elementor-element-18dbf06 e-flex e-con-boxed e-con e-parent\" data-id=\"18dbf06\" data-element_type=\"container\">\n\t\t\t\t\t<div class=\"e-con-inner\">\n\t\t\t\t<div class=\"elementor-element elementor-element-507cfc0 elementor-widget elementor-widget-text-editor\" data-id=\"507cfc0\" data-element_type=\"widget\" data-widget_type=\"text-editor.default\">\n\t\t\t\t<div class=\"elementor-widget-container\">\n\t\t\t\t\t\t\t\t\t<h3>Polityka Prywatno\u015bci<\/h3><h3><strong>1. Administrator Danych Osobowych<\/strong><\/h3><p><big>Administratorem Twoich danych osobowych jest Electronic World, z siedzib\u0105 przy Ul. Bagiennej 9, 59-220 Legnica.<\/big><\/p><h3><strong>2. Jakie dane zbieramy?<\/strong><\/h3><p><big> Zbieramy dane osobowe, takie jak imi\u0119, nazwisko, adres e-mail, numer telefonu, adres korespondencyjny oraz inne dane niezb\u0119dne do realizacji zam\u00f3wie\u0144 i \u015bwiadczenia naszych us\u0142ug.<\/big><\/p><h3><strong>3. Cel przetwarzania danych<\/strong><\/h3><p><big> Przetwarzamy Twoje dane w celu realizacji zam\u00f3wie\u0144, \u015bwiadczenia us\u0142ug drukarskich, obs\u0142ugi klienta oraz w celach marketingowych, za Twoj\u0105 zgod\u0105.<\/big><\/p><h3><strong>4. Podstawa prawna przetwarzania danych<\/strong><\/h3><p><big> Podstaw\u0105 prawn\u0105 przetwarzania danych jest wykonanie umowy, realizacja obowi\u0105zk\u00f3w prawnych ci\u0105\u017c\u0105cych na administratorze oraz prawnie uzasadnione interesy administratora.<\/big><\/p><h3><strong>5. Udost\u0119pnianie danych<\/strong><\/h3><p><big> Twoje dane mog\u0105 by\u0107 udost\u0119pniane podmiotom przetwarzaj\u0105cym dane na nasze zlecenie oraz innym odbiorcom, je\u015bli wynika to z przepis\u00f3w prawa.<\/big><\/p><h3><strong>6. Przekazywanie danych do pa\u0144stw trzecich<\/strong><\/h3><p><big>Nie przekazujemy Twoich danych poza Europejski Obszar Gospodarczy.<\/big><\/p><h3><strong>7. Okres przechowywania danych<\/strong><\/h3><p><big>Dane b\u0119d\u0105 przechowywane przez okres niezb\u0119dny do realizacji cel\u00f3w przetwarzania, a nast\u0119pnie przez czas wymagany przepisami prawa.<\/big><\/p><h3><strong>8. Twoje prawa<\/strong><\/h3><p><big> Masz prawo dost\u0119pu do swoich danych, ich sprostowania, usuni\u0119cia, ograniczenia przetwarzania, przenoszenia danych oraz wniesienia sprzeciwu wobec przetwarzania danych. Masz r\u00f3wnie\u017c prawo do wniesienia skargi do organu nadzorczego.<\/big><\/p><h3><strong>9. Pliki Cookies<\/strong><\/h3><p><big>Nasza strona internetowa korzysta z plik\u00f3w cookies w celu zapewnienia prawid\u0142owego dzia\u0142ania oraz w celach analitycznych i marketingowych.<\/big><\/p><h3><strong>10. Zmiany Polityki Prywatno\u015bci<\/strong><\/h3><p><big>Zastrzegamy sobie prawo do wprowadzania zmian w Polityce Prywatno\u015bci. O wszelkich zmianach poinformujemy na naszej stronie internetowej.<\/big><\/p><h3><strong>Kontakt<\/strong><\/h3><p><big>W przypadku pyta\u0144 dotycz\u0105cych Polityki Prywatno\u015bci, prosimy o kontakt pod adresem e-mail: <a rel=\"noreferrer\">studio.odin3d@gmail.com<\/a> lub telefonicznie: +48 662 573 891.<\/big><\/p>\t\t\t\t\t\t\t\t<\/div>\n\t\t\t\t<\/div>\n\t\t\t\t\t<\/div>\n\t\t\t\t<\/div>\n\t\t<div class=\"elementor-element elementor-element-38e512f e-flex e-con-boxed e-con e-parent\" data-id=\"38e512f\" data-element_type=\"container\">\n\t\t\t\t\t<div class=\"e-con-inner\">\n\t\t\t\t<div class=\"elementor-element elementor-element-7c1ccaf elementor-widget elementor-widget-html\" data-id=\"7c1ccaf\" data-element_type=\"widget\" data-widget_type=\"html.default\">\n\t\t\t\t<div class=\"elementor-widget-container\">\n\t\t\t\t\t<div class= \"cky-audit-table-element\"><\/div>\t\t\t\t<\/div>\n\t\t\t\t<\/div>\n\t\t\t\t\t<\/div>\n\t\t\t\t<\/div>\n\t\t\t\t<\/div>\n\t\t","protected":false},"excerpt":{"rendered":"<p>Polityka Prywatno\u015bci 1. Administrator Danych Osobowych Administratorem Twoich danych osobowych jest Electronic World, z siedzib\u0105 przy Ul. Bagiennej 9, 59-220 Legnica. 2. Jakie dane zbieramy? Zbieramy dane osobowe, takie jak imi\u0119, nazwisko, adres e-mail, numer telefonu, adres korespondencyjny oraz inne dane niezb\u0119dne do realizacji zam\u00f3wie\u0144 i \u015bwiadczenia naszych us\u0142ug. 3. Cel przetwarzania danych Przetwarzamy Twoje [&hellip;]<\/p>\n","protected":false},"author":1,"featured_media":0,"parent":0,"menu_order":0,"comment_status":"closed","ping_status":"closed","template":"","meta":{"footnotes":""},"class_list":["post-19213","page","type-page","status-publish","hentry"],"jetpack_sharing_enabled":true,"_links":{"self":[{"href":"https:\/\/odin3d.net\/index.php\/wp-json\/wp\/v2\/pages\/19213","targetHints":{"allow":["GET"]}}],"collection":[{"href":"https:\/\/odin3d.net\/index.php\/wp-json\/wp\/v2\/pages"}],"about":[{"href":"https:\/\/odin3d.net\/index.php\/wp-json\/wp\/v2\/types\/page"}],"author":[{"embeddable":true,"href":"https:\/\/odin3d.net\/index.php\/wp-json\/wp\/v2\/users\/1"}],"replies":[{"embeddable":true,"href":"https:\/\/odin3d.net\/index.php\/wp-json\/wp\/v2\/comments?post=19213"}],"version-history":[{"count":11,"href":"https:\/\/odin3d.net\/index.php\/wp-json\/wp\/v2\/pages\/19213\/revisions"}],"predecessor-version":[{"id":19567,"href":"https:\/\/odin3d.net\/index.php\/wp-json\/wp\/v2\/pages\/19213\/revisions\/19567"}],"wp:attachment":[{"href":"https:\/\/odin3d.net\/index.php\/wp-json\/wp\/v2\/media?parent=19213"}],"curies":[{"name":"wp","href":"https:\/\/api.w.org\/{rel}","templated":true}]}}