{"id":10883,"date":"2022-04-09T15:04:51","date_gmt":"2022-04-09T15:04:51","guid":{"rendered":"https:\/\/pricom.harutheme.com\/3dservices\/?page_id=10883"},"modified":"2024-07-01T10:07:33","modified_gmt":"2024-07-01T08:07:33","slug":"contact-us","status":"publish","type":"page","link":"https:\/\/odin3d.net\/index.php\/contact-us\/","title":{"rendered":"Kontakt"},"content":{"rendered":"\t\t<div data-elementor-type=\"wp-page\" data-elementor-id=\"10883\" class=\"elementor elementor-10883\" data-elementor-post-type=\"page\">\n\t\t\t\t<div class=\"elementor-element elementor-element-1862d72 e-flex e-con-boxed e-con e-parent\" data-id=\"1862d72\" data-element_type=\"container\">\n\t\t\t\t\t<div class=\"e-con-inner\">\n\t\t<div class=\"elementor-element elementor-element-9235e14 e-con-full e-flex e-con e-child\" data-id=\"9235e14\" data-element_type=\"container\">\n\t\t\t\t<div class=\"elementor-element elementor-element-fa13ad3 elementor-widget elementor-widget-haru-heading\" data-id=\"fa13ad3\" data-element_type=\"widget\" data-widget_type=\"haru-heading.default\">\n\t\t\t\t<div class=\"elementor-widget-container\">\n\t\t\t\t\t<h2 class=\"haru-heading-title haru-heading-title--heading-5\">B\u0105d\u017a z nami w kontakcie<\/h2>\t\t\t\t<\/div>\n\t\t\t\t<\/div>\n\t\t\t\t<div class=\"elementor-element elementor-element-05597eb elementor-widget elementor-widget-haru-heading\" data-id=\"05597eb\" data-element_type=\"widget\" data-widget_type=\"haru-heading.default\">\n\t\t\t\t<div class=\"elementor-widget-container\">\n\t\t\t\t\t<h2 class=\"haru-heading-title haru-heading-title--description-2\">Masz jakie\u015b pytania? Zapraszamy do kontaktu, postaramy si\u0119 rozwia\u0107 Twoje w\u0105tpliwo\u015bci!<\/h2>\t\t\t\t<\/div>\n\t\t\t\t<\/div>\n\t\t\t\t<\/div>\n\t\t\t\t\t<\/div>\n\t\t\t\t<\/div>\n\t\t<div class=\"elementor-element elementor-element-b366503 e-flex e-con-boxed e-con e-parent\" data-id=\"b366503\" data-element_type=\"container\">\n\t\t\t\t\t<div class=\"e-con-inner\">\n\t\t<div class=\"elementor-element elementor-element-b12e041 e-con-full e-flex e-con e-child\" data-id=\"b12e041\" data-element_type=\"container\">\n\t\t\t\t<div class=\"elementor-element elementor-element-a485119 elementor-widget elementor-widget-haru-icon-box\" data-id=\"a485119\" data-element_type=\"widget\" data-widget_type=\"haru-icon-box.default\">\n\t\t\t\t<div class=\"elementor-widget-container\">\n\t\t\t\t\t\n                            <div class=\"haru-icon-box haru-icon-box--style-6\">\n                                                                        <div class=\"haru-icon-box__icon\">\n                                <span  >\n                                <i aria-hidden=\"true\" class=\"phosphor phosphor-map-pin\"><\/i>                                <\/span>\n                            <\/div>\n\n                            <div class=\"haru-icon-box__content\">\n                                <h6 class=\"haru-icon-box__title\">\n                                                                            Adres                                                                    <\/h6>\n                                                                <p class=\"haru-icon-box__description\">59-220 Legnica<br>\nul. Bagienna 9<\/p>\n                                                            <\/div>\n                                            \n                                    <\/div>\n            \n            \t\t\t\t<\/div>\n\t\t\t\t<\/div>\n\t\t\t\t<\/div>\n\t\t<div class=\"elementor-element elementor-element-599694b e-con-full e-flex e-con e-child\" data-id=\"599694b\" data-element_type=\"container\">\n\t\t\t\t<div class=\"elementor-element elementor-element-19b4e75 elementor-widget elementor-widget-haru-icon-box\" data-id=\"19b4e75\" data-element_type=\"widget\" data-widget_type=\"haru-icon-box.default\">\n\t\t\t\t<div class=\"elementor-widget-container\">\n\t\t\t\t\t\n                            <div class=\"haru-icon-box haru-icon-box--style-6\">\n                                                                        <div class=\"haru-icon-box__icon\">\n                                <span  >\n                                <i aria-hidden=\"true\" class=\"phosphor phosphor-phone-call\"><\/i>                                <\/span>\n                            <\/div>\n\n                            <div class=\"haru-icon-box__content\">\n                                <h6 class=\"haru-icon-box__title\">\n                                                                            Kontakt                                                                    <\/h6>\n                                                                <p class=\"haru-icon-box__description\">Telefon <strong>+48 662 573 891<\/strong><br>\nE-mail:  <strong>studio.odin3d@gmail.com<\/strong><\/p>\n                                                            <\/div>\n                                            \n                                    <\/div>\n            \n            \t\t\t\t<\/div>\n\t\t\t\t<\/div>\n\t\t\t\t<\/div>\n\t\t<div class=\"elementor-element elementor-element-ebc8960 e-con-full e-flex e-con e-child\" data-id=\"ebc8960\" data-element_type=\"container\">\n\t\t\t\t<div class=\"elementor-element elementor-element-0e1d230 elementor-widget elementor-widget-haru-icon-box\" data-id=\"0e1d230\" data-element_type=\"widget\" data-widget_type=\"haru-icon-box.default\">\n\t\t\t\t<div class=\"elementor-widget-container\">\n\t\t\t\t\t\n                            <div class=\"haru-icon-box haru-icon-box--style-6\">\n                                                                        <div class=\"haru-icon-box__icon\">\n                                <span  >\n                                <i aria-hidden=\"true\" class=\"phosphor phosphor-clock\"><\/i>                                <\/span>\n                            <\/div>\n\n                            <div class=\"haru-icon-box__content\">\n                                <h6 class=\"haru-icon-box__title\">\n                                                                            Godziny otwarcia                                                                    <\/h6>\n                                                                <p class=\"haru-icon-box__description\">Poniedzia\u0142ek - Pi\u0105tek: 09:00 - 18:00<br>\nSobota : 08:00 - 16:00<\/p>\n                                                            <\/div>\n                                            \n                                    <\/div>\n            \n            \t\t\t\t<\/div>\n\t\t\t\t<\/div>\n\t\t\t\t<\/div>\n\t\t\t\t\t<\/div>\n\t\t\t\t<\/div>\n\t\t<div class=\"elementor-element elementor-element-fa5b0ec e-flex e-con-boxed e-con e-parent\" data-id=\"fa5b0ec\" data-element_type=\"container\">\n\t\t\t\t\t<div class=\"e-con-inner\">\n\t\t<div class=\"elementor-element elementor-element-3c9e9be e-con-full e-flex e-con e-child\" data-id=\"3c9e9be\" data-element_type=\"container\">\n\t\t\t\t<div class=\"elementor-element elementor-element-0eaf85d elementor-widget elementor-widget-haru-google-maps\" data-id=\"0eaf85d\" data-element_type=\"widget\" data-widget_type=\"haru-google-maps.default\">\n\t\t\t\t<div class=\"elementor-widget-container\">\n\t\t\t\t\t\n                            <div class=\"haru-google-maps haru-google-maps--style-1\">\n                                        <div class=\"haru-custom-embed\">\n                        <iframe src=\"https:\/\/maps.google.com\/maps?q=Legnica&amp;t=m&amp;z=16&amp;output=embed&amp;iwloc=near\" title=\"%3$s\" aria-label=\"%3$s\"><\/iframe>\n                    <\/div>\n                <\/div>\n            \n            \t\t\t\t<\/div>\n\t\t\t\t<\/div>\n\t\t\t\t<\/div>\n\t\t\t\t\t<\/div>\n\t\t\t\t<\/div>\n\t\t<div class=\"elementor-element elementor-element-884a3f6 e-flex e-con-boxed e-con e-parent\" data-id=\"884a3f6\" data-element_type=\"container\">\n\t\t\t\t\t<div class=\"e-con-inner\">\n\t\t<div class=\"elementor-element elementor-element-8a677c0 e-con-full e-flex e-con e-child\" data-id=\"8a677c0\" data-element_type=\"container\">\n\t\t\t\t<div class=\"elementor-element elementor-element-d6bdeb0 elementor-widget elementor-widget-haru-heading\" data-id=\"d6bdeb0\" data-element_type=\"widget\" data-widget_type=\"haru-heading.default\">\n\t\t\t\t<div class=\"elementor-widget-container\">\n\t\t\t\t\t<h2 class=\"haru-heading-title haru-heading-title--heading-5\">Wy\u015blij wiadomo\u015b\u0107<\/h2>\t\t\t\t<\/div>\n\t\t\t\t<\/div>\n\t\t\t\t<div class=\"elementor-element elementor-element-3de6453 elementor-widget elementor-widget-shortcode\" data-id=\"3de6453\" data-element_type=\"widget\" data-widget_type=\"shortcode.default\">\n\t\t\t\t<div class=\"elementor-widget-container\">\n\t\t\t\t\t\t\t<div class=\"elementor-shortcode\">\n<div class=\"wpcf7 no-js\" id=\"wpcf7-f6153-o1\" lang=\"en-US\" dir=\"ltr\" data-wpcf7-id=\"6153\">\n<div class=\"screen-reader-response\"><p role=\"status\" aria-live=\"polite\" aria-atomic=\"true\"><\/p> <ul><\/ul><\/div>\n<form action=\"\/index.php\/wp-json\/wp\/v2\/pages\/10883#wpcf7-f6153-o1\" method=\"post\" class=\"wpcf7-form init\" aria-label=\"Contact form\" novalidate=\"novalidate\" data-status=\"init\">\n<fieldset class=\"hidden-fields-container\"><input type=\"hidden\" name=\"_wpcf7\" value=\"6153\" \/><input type=\"hidden\" name=\"_wpcf7_version\" value=\"6.1.5\" \/><input type=\"hidden\" name=\"_wpcf7_locale\" value=\"en_US\" \/><input type=\"hidden\" name=\"_wpcf7_unit_tag\" value=\"wpcf7-f6153-o1\" \/><input type=\"hidden\" name=\"_wpcf7_container_post\" value=\"0\" \/><input type=\"hidden\" name=\"_wpcf7_posted_data_hash\" value=\"\" \/><input type=\"hidden\" name=\"_wpcf7_recaptcha_response\" value=\"\" \/>\n<\/fieldset>\n<div class=\"contact-form\">\n\n<div class=\"contact-form__row contact-form__row--cols-2\">\n    <div class=\"contact-form__col\">\n        <div class=\"contact-form__input\"><span class=\"wpcf7-form-control-wrap\" data-name=\"first-name\"><input size=\"40\" maxlength=\"400\" class=\"wpcf7-form-control wpcf7-text wpcf7-validates-as-required\" aria-required=\"true\" aria-invalid=\"false\" placeholder=\"imi\u0119\" value=\"\" type=\"text\" name=\"first-name\" \/><\/span><\/div>\n    <\/div>\n    <div class=\"contact-form__col\">\n        <div class=\"contact-form__input\"><span class=\"wpcf7-form-control-wrap\" data-name=\"last-name\"><input size=\"40\" maxlength=\"400\" class=\"wpcf7-form-control wpcf7-text wpcf7-validates-as-required\" aria-required=\"true\" aria-invalid=\"false\" placeholder=\"Nazwisko\" value=\"\" type=\"text\" name=\"last-name\" \/><\/span><\/div>\n    <\/div>\n<\/div>\n<div class=\"contact-form__row\">\n    <div class=\"contact-form__input\"><span class=\"wpcf7-form-control-wrap\" data-name=\"email\"><input size=\"40\" maxlength=\"400\" class=\"wpcf7-form-control wpcf7-text wpcf7-validates-as-required\" aria-required=\"true\" aria-invalid=\"false\" placeholder=\"E-mail\" value=\"\" type=\"text\" name=\"email\" \/><\/span><\/div>\n<\/div>\n<div class=\"contact-form__row\">\n    <div class=\"contact-form__input\"><span class=\"wpcf7-form-control-wrap\" data-name=\"subject\"><input size=\"40\" maxlength=\"400\" class=\"wpcf7-form-control wpcf7-text wpcf7-validates-as-required\" aria-required=\"true\" aria-invalid=\"false\" placeholder=\"Temat\" value=\"\" type=\"text\" name=\"subject\" \/><\/span><\/div>\n<\/div>\n\n<div class=\"contact-form__row\">\n    <div class=\"contact-form__input contact-form__message\"><span class=\"wpcf7-form-control-wrap\" data-name=\"message\"><textarea cols=\"40\" rows=\"10\" maxlength=\"2000\" class=\"wpcf7-form-control wpcf7-textarea wpcf7-validates-as-required\" aria-required=\"true\" aria-invalid=\"false\" placeholder=\"Wiadomo\u015b\u0107\" name=\"message\"><\/textarea><\/span><\/div>\n<\/div>\n\n<div class=\"contact-form__row contact-form__row--submit\">\n    <div class=\"contact-form__submit contact-form__submit--center\">\n    <input class=\"wpcf7-form-control wpcf7-submit has-spinner\" type=\"submit\" value=\"Wy\u015blij\" \/>\n    <\/div>\n<span class=\"wpcf7-form-control-wrap recaptcha\" data-name=\"recaptcha\"><span data-sitekey=\"6LclYQUqAAAAAHWcHcrJrjQbz06wrlWw3Jf5rqVp\" class=\"wpcf7-form-control wpcf7-recaptcha g-recaptcha\"><\/span>\r\n<noscript>\r\n\t<div class=\"grecaptcha-noscript\">\r\n\t\t<iframe src=\"https:\/\/www.google.com\/recaptcha\/api\/fallback?k=6LclYQUqAAAAAHWcHcrJrjQbz06wrlWw3Jf5rqVp\" frameborder=\"0\" scrolling=\"no\" width=\"310\" height=\"430\">\r\n\t\t<\/iframe>\r\n\t\t<textarea name=\"g-recaptcha-response\" rows=\"3\" cols=\"40\" placeholder=\"reCaptcha Response Here\">\r\n\t\t<\/textarea>\r\n\t<\/div>\r\n<\/noscript>\r\n<\/span>\n<\/div>\n\n<\/div><div class=\"wpcf7-response-output\" aria-hidden=\"true\"><\/div>\n<\/form>\n<\/div>\n<\/div>\n\t\t\t\t\t\t<\/div>\n\t\t\t\t<\/div>\n\t\t\t\t<\/div>\n\t\t\t\t\t<\/div>\n\t\t\t\t<\/div>\n\t\t\t\t<\/div>\n\t\t","protected":false},"excerpt":{"rendered":"<p>B\u0105d\u017a z nami w kontakcie Masz jakie\u015b pytania? Zapraszamy do kontaktu, postaramy si\u0119 rozwia\u0107 Twoje w\u0105tpliwo\u015bci! Adres 59-220 Legnica ul. Bagienna 9 Kontakt Telefon +48 662 573 891 E-mail: studio.odin3d@gmail.com Godziny otwarcia Poniedzia\u0142ek &#8211; Pi\u0105tek: 09:00 &#8211; 18:00 Sobota : 08:00 &#8211; 16:00 Wy\u015blij wiadomo\u015b\u0107<\/p>\n","protected":false},"author":2,"featured_media":0,"parent":0,"menu_order":0,"comment_status":"closed","ping_status":"closed","template":"","meta":{"footnotes":""},"class_list":["post-10883","page","type-page","status-publish","hentry"],"jetpack_sharing_enabled":true,"_links":{"self":[{"href":"https:\/\/odin3d.net\/index.php\/wp-json\/wp\/v2\/pages\/10883","targetHints":{"allow":["GET"]}}],"collection":[{"href":"https:\/\/odin3d.net\/index.php\/wp-json\/wp\/v2\/pages"}],"about":[{"href":"https:\/\/odin3d.net\/index.php\/wp-json\/wp\/v2\/types\/page"}],"author":[{"embeddable":true,"href":"https:\/\/odin3d.net\/index.php\/wp-json\/wp\/v2\/users\/2"}],"replies":[{"embeddable":true,"href":"https:\/\/odin3d.net\/index.php\/wp-json\/wp\/v2\/comments?post=10883"}],"version-history":[{"count":28,"href":"https:\/\/odin3d.net\/index.php\/wp-json\/wp\/v2\/pages\/10883\/revisions"}],"predecessor-version":[{"id":19210,"href":"https:\/\/odin3d.net\/index.php\/wp-json\/wp\/v2\/pages\/10883\/revisions\/19210"}],"wp:attachment":[{"href":"https:\/\/odin3d.net\/index.php\/wp-json\/wp\/v2\/media?parent=10883"}],"curies":[{"name":"wp","href":"https:\/\/api.w.org\/{rel}","templated":true}]}}